{"id":45154,"date":"2026-04-01T13:13:26","date_gmt":"2026-04-01T11:13:26","guid":{"rendered":"https:\/\/b4k.se\/product\/medicalia-spf-kampanj\/"},"modified":"2026-04-02T15:33:49","modified_gmt":"2026-04-02T13:33:49","slug":"medicalia-spf-kampanj","status":"publish","type":"product","link":"https:\/\/b4k.se\/no\/produkt\/medicalia-spf-kampanj\/","title":{"rendered":"Medicalia SPF Kampanj"},"content":{"rendered":"<p>Ta del av v\u00e5r V\u00e5r kampanj fr\u00e5n MEDICALIA, Vid k\u00f6p av Medicalia SPF s\u00e5 f\u00e5r du med C serum med Oxyzomer ( v\u00e4rde 860:-) utan kostnad.<\/p>\n<p>F\u00f6r att ta del av kampanjen k\u00f6per du minst 10 st, d\u00e5 f\u00e5r du \u00e4ven med prover, p\u00e5sar och A4 skylt samt bild f\u00f6r SoMe.<\/p>\n","protected":false},"excerpt":{"rendered":"<p>Ta del av v\u00e5r V\u00e5r kampanj fr\u00e5n MEDICALIA, Vid k\u00f6p av Medicalia SPF s\u00e5 f\u00e5r du med C serum med Oxyzomer ( v\u00e4rde 860:-) utan kostnad. F\u00f6r att ta del av kampanjen k\u00f6per du minst 10 st, d\u00e5 f\u00e5r du \u00e4ven med prover, p\u00e5sar och A4 skylt samt bild f\u00f6r SoMe.<\/p>\n","protected":false},"featured_media":45039,"template":"","meta":[],"product_brand":[],"product_cat":[284,285],"product_tag":[],"class_list":{"0":"post-45154","1":"product","2":"type-product","3":"status-publish","4":"has-post-thumbnail","6":"product_cat-medicalia-2","7":"product_cat-retail-produkter","9":"first","10":"instock","11":"sale","12":"taxable","13":"shipping-taxable","14":"purchasable","15":"product-type-simple"},"shsp-ext":{"main":{},"variations":[]},"_links":{"self":[{"href":"https:\/\/b4k.se\/no\/wp-json\/wp\/v2\/product\/45154","targetHints":{"allow":["GET"]}}],"collection":[{"href":"https:\/\/b4k.se\/no\/wp-json\/wp\/v2\/product"}],"about":[{"href":"https:\/\/b4k.se\/no\/wp-json\/wp\/v2\/types\/product"}],"wp:featuredmedia":[{"embeddable":true,"href":"https:\/\/b4k.se\/no\/wp-json\/wp\/v2\/media\/45039"}],"wp:attachment":[{"href":"https:\/\/b4k.se\/no\/wp-json\/wp\/v2\/media?parent=45154"}],"wp:term":[{"taxonomy":"product_brand","embeddable":true,"href":"https:\/\/b4k.se\/no\/wp-json\/wp\/v2\/product_brand?post=45154"},{"taxonomy":"product_cat","embeddable":true,"href":"https:\/\/b4k.se\/no\/wp-json\/wp\/v2\/product_cat?post=45154"},{"taxonomy":"product_tag","embeddable":true,"href":"https:\/\/b4k.se\/no\/wp-json\/wp\/v2\/product_tag?post=45154"}],"curies":[{"name":"wp","href":"https:\/\/api.w.org\/{rel}","templated":true}]}}