{"id":43956,"date":"2018-12-18T09:35:06","date_gmt":"2018-12-18T08:35:06","guid":{"rendered":"https:\/\/b4k.se\/product\/de-stress-eye-treatment-eye-puffiness-10-behandlingar\/"},"modified":"2026-01-23T12:12:22","modified_gmt":"2026-01-23T11:12:22","slug":"de-stress-eye-treatment-eye-puffiness-10-behandlingar","status":"publish","type":"product","link":"https:\/\/b4k.se\/no\/produkt\/de-stress-eye-treatment-eye-puffiness-10-behandlingar\/","title":{"rendered":"Pevonia De-Stress Eye Treatment - Eye Puffiness 10 behandlingar"},"content":{"rendered":"<p>10 behandlingar med \"De-stress eye treatment - eye puffiness\" f\u00f6r att lugna svullna och tr\u00f6tta \u00f6gon.<\/p>\n","protected":false},"excerpt":{"rendered":"<p><b>10 behandlingar med \"De-stress eye treatment - eye puffiness\" f\u00f6r att lugna svullna och tr\u00f6tta \u00f6gon.<\/b><\/p>\n<p><span style=\"font-weight: 400;\">En fantastiskt lugnande och kylande sheetmask-behandling som minskar svullnad och stressade \u00f6gon.<\/span><\/p>\n<p><span style=\"font-weight: 400;\">Rekommenderas f\u00f6r svullna \u00f6gon med stagnation, stress och tr\u00f6tthet.<\/span><\/p>\n<p><span style=\"font-weight: 400;\">Kan anv\u00e4ndas som en f\u00f6rst\u00e4rkning till vilken annan behandling som helst.<\/span><\/p>\n","protected":false},"featured_media":43957,"template":"","meta":[],"product_brand":[],"product_cat":[287,301,296,300],"product_tag":[],"class_list":{"0":"post-43956","1":"product","2":"type-product","3":"status-publish","4":"has-post-thumbnail","6":"product_cat-alla-produkter","7":"product_cat-ansikte-professional","8":"product_cat-pevonia-2","9":"product_cat-professional","11":"first","12":"instock","13":"taxable","14":"shipping-taxable","15":"purchasable","16":"product-type-simple"},"shsp-ext":{"main":{},"variations":[]},"_links":{"self":[{"href":"https:\/\/b4k.se\/no\/wp-json\/wp\/v2\/product\/43956","targetHints":{"allow":["GET"]}}],"collection":[{"href":"https:\/\/b4k.se\/no\/wp-json\/wp\/v2\/product"}],"about":[{"href":"https:\/\/b4k.se\/no\/wp-json\/wp\/v2\/types\/product"}],"wp:featuredmedia":[{"embeddable":true,"href":"https:\/\/b4k.se\/no\/wp-json\/wp\/v2\/media\/43957"}],"wp:attachment":[{"href":"https:\/\/b4k.se\/no\/wp-json\/wp\/v2\/media?parent=43956"}],"wp:term":[{"taxonomy":"product_brand","embeddable":true,"href":"https:\/\/b4k.se\/no\/wp-json\/wp\/v2\/product_brand?post=43956"},{"taxonomy":"product_cat","embeddable":true,"href":"https:\/\/b4k.se\/no\/wp-json\/wp\/v2\/product_cat?post=43956"},{"taxonomy":"product_tag","embeddable":true,"href":"https:\/\/b4k.se\/no\/wp-json\/wp\/v2\/product_tag?post=43956"}],"curies":[{"name":"wp","href":"https:\/\/api.w.org\/{rel}","templated":true}]}}