{"id":43953,"date":"2018-12-17T11:58:48","date_gmt":"2018-12-17T10:58:48","guid":{"rendered":"https:\/\/b4k.se\/product\/soothing-gel-mask\/"},"modified":"2026-01-23T12:11:13","modified_gmt":"2026-01-23T11:11:13","slug":"soothing-gel-mask","status":"publish","type":"product","link":"https:\/\/b4k.se\/no\/produkt\/soothing-gel-mask\/","title":{"rendered":"Pevonia Soothing gel mask 100 ml."},"content":{"rendered":"<p>Salongsf\u00f6rpackning p\u00e5 100ml med Soothing Gel mask.<\/p>\n<p>Anv\u00e4ndning:<\/p>\n<ol>\n<li>Applicera masken i slutet av en Pevonia\u00ae-behandling \u00f6ver ansikte och hals. L\u00e5t verka i 10 minuter.<\/li>\n<li>Avl\u00e4gsna med kallt vatten.<\/li>\n<li>F\u00f6lj upp med Facial Lotion All Skin Types och Reactive Skin Cream eller Soothing Sensitive Skin Cream.<\/li>\n<\/ol>\n","protected":false},"excerpt":{"rendered":"<p><strong>Salongsf\u00f6rpackning p\u00e5 100ml med Soothing Gel mask.<\/strong><\/p>\n<p>En utm\u00e4rkt mask med svalkande och lugnande effekter, rik p\u00e5 avsv\u00e4llande ingredienser. Den ger en fantastisk k\u00e4nsla som liknar den kylande effekten av is som eldas. Masken minskar rodnad och erytem, \u200b\u200blugnar och \u00e5terfuktar huden.<\/p>\n<p>Rekommenderas f\u00f6r all k\u00e4nslig\/\u00f6verk\u00e4nslig \u00f6verbelastad hud och f\u00f6r irriterad hud efter extraktioner. Denna mask \u00e4r ett viktigt steg efter varje professionell Pevonia Peel (Lacto-Flora Peel, YouthRenew&#x2122; Hydra-Glow Peel eller Micro-Retinol\u00ae Essential Peel).<\/p>\n","protected":false},"featured_media":43955,"template":"","meta":[],"product_brand":[],"product_cat":[287,301,296,300],"product_tag":[],"class_list":{"0":"post-43953","1":"product","2":"type-product","3":"status-publish","4":"has-post-thumbnail","6":"product_cat-alla-produkter","7":"product_cat-ansikte-professional","8":"product_cat-pevonia-2","9":"product_cat-professional","11":"first","12":"instock","13":"taxable","14":"shipping-taxable","15":"purchasable","16":"product-type-simple"},"shsp-ext":{"main":{},"variations":[]},"_links":{"self":[{"href":"https:\/\/b4k.se\/no\/wp-json\/wp\/v2\/product\/43953","targetHints":{"allow":["GET"]}}],"collection":[{"href":"https:\/\/b4k.se\/no\/wp-json\/wp\/v2\/product"}],"about":[{"href":"https:\/\/b4k.se\/no\/wp-json\/wp\/v2\/types\/product"}],"wp:featuredmedia":[{"embeddable":true,"href":"https:\/\/b4k.se\/no\/wp-json\/wp\/v2\/media\/43955"}],"wp:attachment":[{"href":"https:\/\/b4k.se\/no\/wp-json\/wp\/v2\/media?parent=43953"}],"wp:term":[{"taxonomy":"product_brand","embeddable":true,"href":"https:\/\/b4k.se\/no\/wp-json\/wp\/v2\/product_brand?post=43953"},{"taxonomy":"product_cat","embeddable":true,"href":"https:\/\/b4k.se\/no\/wp-json\/wp\/v2\/product_cat?post=43953"},{"taxonomy":"product_tag","embeddable":true,"href":"https:\/\/b4k.se\/no\/wp-json\/wp\/v2\/product_tag?post=43953"}],"curies":[{"name":"wp","href":"https:\/\/api.w.org\/{rel}","templated":true}]}}