{"id":43944,"date":"2018-12-18T09:29:25","date_gmt":"2018-12-18T08:29:25","guid":{"rendered":"https:\/\/b4k.se\/product\/oxy-vital-mask-5-behandlingar\/"},"modified":"2026-01-23T12:07:21","modified_gmt":"2026-01-23T11:07:21","slug":"oxy-vital-mask-5-behandlingar","status":"publish","type":"product","link":"https:\/\/b4k.se\/no\/produkt\/oxy-vital-mask-5-behandlingar\/","title":{"rendered":"Pevonia Oxy-Vital Mask 5 behandlingar"},"content":{"rendered":"<p>F\u00f6rpackning med 5 behandlingar av Oxy-vital mask och soothing ampull.<\/p>\n<ul>\n<li>Rik p\u00e5 essentiella polysackarider: glukos, manos och galaktos som fungerar som ledare f\u00f6r att styra biologisk verksamhet mellan olika molekyler.<\/li>\n<li>Rik p\u00e5 aminosyror: fenylalanin och tryptofan, kallade som s\u00e5rl\u00e4kande biogena stimulatorer.<\/li>\n<li>Dr\u00e4nkt med mineraler: j\u00e4rn, kalcium, kalium och mangan.<\/li>\n<li>Full av antioxidativa vitaminer: Vitamin C och E. Aloe Vera finns \u00e4ven med f\u00f6r att minska vasodilatation, h\u00e4mma sm\u00e4rta, inflammation och stimulera fibroblaster att producera kollagen och proteoglykaner.<\/li>\n<\/ul>\n<p>Anv\u00e4ndning:<\/p>\n<p>F\u00f6lj steg-f\u00f6r-steg-manualen f\u00f6r Oxy-Vital Mask Treatment.<\/p>\n","protected":false},"excerpt":{"rendered":"<p><strong>F\u00f6rpackning med 5 behandlingar av Oxy-vital mask.<\/strong><\/p>\n<p>En utm\u00e4rkt behandling f\u00f6r k\u00e4nslig eller \u00f6verk\u00e4nslig hud samt couperose eller rosacea. Masken \u00e4r syregivande: den aktiverar cellerna ordentligt f\u00f6r b\u00e4ttre anv\u00e4ndning av syre (O2). Behandlingen \u00e4r lugnande och minskar rodnad.<\/p>\n<p>Rekommenderas starkt som en postoperativ behandling efter laserbehandlingar, dermabrasion, syrapeelingar eller procedurer som traumatiserar huden.<\/p>\n","protected":false},"featured_media":43946,"template":"","meta":[],"product_brand":[],"product_cat":[287,301,296,300],"product_tag":[],"class_list":{"0":"post-43944","1":"product","2":"type-product","3":"status-publish","4":"has-post-thumbnail","6":"product_cat-alla-produkter","7":"product_cat-ansikte-professional","8":"product_cat-pevonia-2","9":"product_cat-professional","11":"first","12":"instock","13":"taxable","14":"shipping-taxable","15":"purchasable","16":"product-type-simple"},"shsp-ext":{"main":{},"variations":[]},"_links":{"self":[{"href":"https:\/\/b4k.se\/no\/wp-json\/wp\/v2\/product\/43944","targetHints":{"allow":["GET"]}}],"collection":[{"href":"https:\/\/b4k.se\/no\/wp-json\/wp\/v2\/product"}],"about":[{"href":"https:\/\/b4k.se\/no\/wp-json\/wp\/v2\/types\/product"}],"wp:featuredmedia":[{"embeddable":true,"href":"https:\/\/b4k.se\/no\/wp-json\/wp\/v2\/media\/43946"}],"wp:attachment":[{"href":"https:\/\/b4k.se\/no\/wp-json\/wp\/v2\/media?parent=43944"}],"wp:term":[{"taxonomy":"product_brand","embeddable":true,"href":"https:\/\/b4k.se\/no\/wp-json\/wp\/v2\/product_brand?post=43944"},{"taxonomy":"product_cat","embeddable":true,"href":"https:\/\/b4k.se\/no\/wp-json\/wp\/v2\/product_cat?post=43944"},{"taxonomy":"product_tag","embeddable":true,"href":"https:\/\/b4k.se\/no\/wp-json\/wp\/v2\/product_tag?post=43944"}],"curies":[{"name":"wp","href":"https:\/\/api.w.org\/{rel}","templated":true}]}}