{"id":43941,"date":"2018-12-18T09:26:26","date_gmt":"2018-12-18T08:26:26","guid":{"rendered":"https:\/\/b4k.se\/product\/elasto-firm-mask-5-behandlingar\/"},"modified":"2026-01-23T12:06:06","modified_gmt":"2026-01-23T11:06:06","slug":"elasto-firm-mask-5-behandlingar","status":"publish","type":"product","link":"https:\/\/b4k.se\/no\/produkt\/elasto-firm-mask-5-behandlingar\/","title":{"rendered":"Pevonia Elasto-Firm Mask 5 Behandlingar"},"content":{"rendered":"<p>F\u00f6rpackning med 5 behandlingar av Elasto-firm-mask och elastin och sorghum ampull<\/p>\n","protected":false},"excerpt":{"rendered":"<p><strong>F\u00f6rpackning med 5 behandlingar av Elasto-firm-mask.<\/strong><\/p>\n<p>Efter kollagen \u00e4r elastin hudens sekund\u00e4ra viktigaste protein, det bildar hudens st\u00f6d med sitt webbm\u00f6nstrade elastiska n\u00e4tverk. Elastin \u00e4r det mest erk\u00e4nda och utv\u00e4rderade proteinet f\u00f6r att st\u00e4rka huden. N\u00e4r man applicerar proteinet vid behandling bek\u00e4mpar det f\u00f6rslappning av huden och fr\u00e4mjar en str\u00e5lande, ungdomlig hudyta.<\/p>\n<p>Rekommenderas som den ultimata l\u00f6sningen att ge smidighet till alla hudtyper med f\u00f6rlust av elasticitet. Rekommenderas ocks\u00e5 efter rhytidektomi (kirurgisk ansiktslyftning) behandling.<\/p>\n","protected":false},"featured_media":43943,"template":"","meta":[],"product_brand":[],"product_cat":[287,301,296,300],"product_tag":[],"class_list":{"0":"post-43941","1":"product","2":"type-product","3":"status-publish","4":"has-post-thumbnail","6":"product_cat-alla-produkter","7":"product_cat-ansikte-professional","8":"product_cat-pevonia-2","9":"product_cat-professional","11":"first","12":"instock","13":"taxable","14":"shipping-taxable","15":"purchasable","16":"product-type-simple"},"shsp-ext":{"main":{},"variations":[]},"_links":{"self":[{"href":"https:\/\/b4k.se\/no\/wp-json\/wp\/v2\/product\/43941","targetHints":{"allow":["GET"]}}],"collection":[{"href":"https:\/\/b4k.se\/no\/wp-json\/wp\/v2\/product"}],"about":[{"href":"https:\/\/b4k.se\/no\/wp-json\/wp\/v2\/types\/product"}],"wp:featuredmedia":[{"embeddable":true,"href":"https:\/\/b4k.se\/no\/wp-json\/wp\/v2\/media\/43943"}],"wp:attachment":[{"href":"https:\/\/b4k.se\/no\/wp-json\/wp\/v2\/media?parent=43941"}],"wp:term":[{"taxonomy":"product_brand","embeddable":true,"href":"https:\/\/b4k.se\/no\/wp-json\/wp\/v2\/product_brand?post=43941"},{"taxonomy":"product_cat","embeddable":true,"href":"https:\/\/b4k.se\/no\/wp-json\/wp\/v2\/product_cat?post=43941"},{"taxonomy":"product_tag","embeddable":true,"href":"https:\/\/b4k.se\/no\/wp-json\/wp\/v2\/product_tag?post=43941"}],"curies":[{"name":"wp","href":"https:\/\/api.w.org\/{rel}","templated":true}]}}