{"id":43934,"date":"2018-12-18T09:17:34","date_gmt":"2018-12-18T08:17:34","guid":{"rendered":"https:\/\/b4k.se\/product\/plantomer-lift-off-mask-treatment-propolis-ampull\/"},"modified":"2026-01-23T12:02:57","modified_gmt":"2026-01-23T11:02:57","slug":"plantomer-lift-off-mask-treatment-propolis-ampull","status":"publish","type":"product","link":"https:\/\/b4k.se\/no\/produkt\/plantomer-lift-off-mask-treatment-propolis-ampull\/","title":{"rendered":"Pevonia Plantomer Lift-Off Mask Treatment 5 behandlingar"},"content":{"rendered":"<p>F\u00f6rpackning med 5 behandlingar av Plantomer Lift-Off Mask Treatment, Propolis ampuller.<\/p>\n<p>Denna masken erbjuder en unik kombination av aktiva ingredienser: havets finaste resurs Laminaria Digitata som \u00e4r rik p\u00e5 mineralerna kalium, magnesium, kalcium, zink och mangan, samt den b\u00e4sta resursen fr\u00e5n bin: Propolis som \u00e4r rikt p\u00e5 naturlig antibiotika och vitamin A.<\/p>\n<p>Anv\u00e4ndning:<\/p>\n<p>Kan anv\u00e4ndas en g\u00e5ng i veckan i sex veckor som reparationsbehandling vid behov, eller n\u00e4r som helst vid avslutning av behandling f\u00f6r mycket synliga resultat. Se hela proceduren i steg-f\u00f6r-steg-manualen f\u00f6r Plantomer Lift-Off Mask Treatment.<\/p>\n<p>&nbsp;<\/p>\n","protected":false},"excerpt":{"rendered":"<p><strong>F\u00f6rpackning med 5 behandlingar av Plantomer Lift-Off Mask Treatment, Propolis ampuller.<\/strong><\/p>\n<p>Denna mjuka lift-off-mask som har en gummikonsistens och ger en kylande k\u00e4nsla \u00e4r en effektiv behandling som lindrar, l\u00e4ker och st\u00e4rker. Masken \u00e4r djupt \u00e5terfuktande och l\u00e4mnar huden uppstramad, fr\u00e4sch och frisk med en exceptionell gl\u00f6d.<\/p>\n<p>Kan anv\u00e4ndas en g\u00e5ng i veckan i sex veckor som reparationsbehandling vid behov, eller n\u00e4r som helst vid avslutning av behandling f\u00f6r mycket synliga resultat.<\/p>\n<p>Rekommenderas f\u00f6r all hud, s\u00e4rskilt k\u00e4nslig hud med problem med blodcirkulationen och tecken p\u00e5 irritation.<\/p>\n","protected":false},"featured_media":43936,"template":"","meta":[],"product_brand":[],"product_cat":[287,301,296,300],"product_tag":[],"class_list":{"0":"post-43934","1":"product","2":"type-product","3":"status-publish","4":"has-post-thumbnail","6":"product_cat-alla-produkter","7":"product_cat-ansikte-professional","8":"product_cat-pevonia-2","9":"product_cat-professional","11":"first","12":"instock","13":"taxable","14":"shipping-taxable","15":"purchasable","16":"product-type-simple"},"shsp-ext":{"main":{},"variations":[]},"_links":{"self":[{"href":"https:\/\/b4k.se\/no\/wp-json\/wp\/v2\/product\/43934","targetHints":{"allow":["GET"]}}],"collection":[{"href":"https:\/\/b4k.se\/no\/wp-json\/wp\/v2\/product"}],"about":[{"href":"https:\/\/b4k.se\/no\/wp-json\/wp\/v2\/types\/product"}],"wp:featuredmedia":[{"embeddable":true,"href":"https:\/\/b4k.se\/no\/wp-json\/wp\/v2\/media\/43936"}],"wp:attachment":[{"href":"https:\/\/b4k.se\/no\/wp-json\/wp\/v2\/media?parent=43934"}],"wp:term":[{"taxonomy":"product_brand","embeddable":true,"href":"https:\/\/b4k.se\/no\/wp-json\/wp\/v2\/product_brand?post=43934"},{"taxonomy":"product_cat","embeddable":true,"href":"https:\/\/b4k.se\/no\/wp-json\/wp\/v2\/product_cat?post=43934"},{"taxonomy":"product_tag","embeddable":true,"href":"https:\/\/b4k.se\/no\/wp-json\/wp\/v2\/product_tag?post=43934"}],"curies":[{"name":"wp","href":"https:\/\/api.w.org\/{rel}","templated":true}]}}