{"id":43932,"date":"2018-12-18T09:24:15","date_gmt":"2018-12-18T08:24:15","guid":{"rendered":"https:\/\/b4k.se\/product\/rs2-maske-kit-5-behandlingar\/"},"modified":"2026-01-23T12:01:55","modified_gmt":"2026-01-23T11:01:55","slug":"rs2-maske-kit-5-behandlingar","status":"publish","type":"product","link":"https:\/\/b4k.se\/no\/produkt\/rs2-maske-kit-5-behandlingar\/","title":{"rendered":"Pevonia RS2 Mask Treatment 5 behandlingar"},"content":{"rendered":"<p>F\u00f6rpackning med 5 behandlingar av RS2 Rosacea Mask Treatment.<\/p>\n<p>Anv\u00e4ndning:<\/p>\n<p>F\u00f6lj steg-f\u00f6r-steg-manualen f\u00f6r RS2 Mask Treatment.<\/p>\n","protected":false},"excerpt":{"rendered":"<p><strong>F\u00f6rpackning med 5 behandlingar av RS2 Rosacea Mask Treatment.<\/strong><\/p>\n<p>En o\u00f6vertr\u00e4ffad behandlingsterapi som erbjuder en radikal l\u00f6sning till hud\u00f6verk\u00e4nslighet.<\/p>\n<p>Denna lugnande trefasiga, bi-termiska masken lindrar omedelbart hudens k\u00e4nslighet, minskar tillt\u00e4ppning, f\u00f6rb\u00e4ttrar mikrocirkulationen och tar ordentligt itu med hudk\u00e4nslighet, rosacea och akne-rosacea.<\/p>\n<p>Rekommenderas f\u00f6r symptom p\u00e5 rosacea och couperose-hud.<\/p>\n","protected":false},"featured_media":43933,"template":"","meta":[],"product_brand":[],"product_cat":[287,301,296,300],"product_tag":[],"class_list":{"0":"post-43932","1":"product","2":"type-product","3":"status-publish","4":"has-post-thumbnail","6":"product_cat-alla-produkter","7":"product_cat-ansikte-professional","8":"product_cat-pevonia-2","9":"product_cat-professional","11":"first","12":"instock","13":"taxable","14":"shipping-taxable","15":"purchasable","16":"product-type-simple"},"shsp-ext":{"main":{},"variations":[]},"_links":{"self":[{"href":"https:\/\/b4k.se\/no\/wp-json\/wp\/v2\/product\/43932","targetHints":{"allow":["GET"]}}],"collection":[{"href":"https:\/\/b4k.se\/no\/wp-json\/wp\/v2\/product"}],"about":[{"href":"https:\/\/b4k.se\/no\/wp-json\/wp\/v2\/types\/product"}],"wp:featuredmedia":[{"embeddable":true,"href":"https:\/\/b4k.se\/no\/wp-json\/wp\/v2\/media\/43933"}],"wp:attachment":[{"href":"https:\/\/b4k.se\/no\/wp-json\/wp\/v2\/media?parent=43932"}],"wp:term":[{"taxonomy":"product_brand","embeddable":true,"href":"https:\/\/b4k.se\/no\/wp-json\/wp\/v2\/product_brand?post=43932"},{"taxonomy":"product_cat","embeddable":true,"href":"https:\/\/b4k.se\/no\/wp-json\/wp\/v2\/product_cat?post=43932"},{"taxonomy":"product_tag","embeddable":true,"href":"https:\/\/b4k.se\/no\/wp-json\/wp\/v2\/product_tag?post=43932"}],"curies":[{"name":"wp","href":"https:\/\/api.w.org\/{rel}","templated":true}]}}