{"id":43929,"date":"2018-12-18T09:14:46","date_gmt":"2018-12-18T08:14:46","guid":{"rendered":"https:\/\/b4k.se\/product\/anti-free-radicals-mask-treatment-vitaminic-ampull\/"},"modified":"2026-02-02T17:46:23","modified_gmt":"2026-02-02T16:46:23","slug":"anti-free-radicals-mask-treatment-vitaminic-ampull","status":"publish","type":"product","link":"https:\/\/b4k.se\/no\/produkt\/anti-free-radicals-mask-treatment-vitaminic-ampull\/","title":{"rendered":"Anti-Free Radicals Mask Treatment Vitaminic ampull"},"content":{"rendered":"<p><b>5 ampullbehandlingar med Anti-Free Radicals Mask Treatment Vitaminic ampull.<\/b><\/p>\n<p><span style=\"font-weight: 400;\">Anv\u00e4ndning:<\/span><\/p>\n<p><span style=\"font-weight: 400;\">F\u00f6lj steg-f\u00f6r-steg-manualen.<\/span><\/p>\n","protected":false},"excerpt":{"rendered":"<p><b>5 ampullbehandlingar med Anti-Free Radicals Mask Treatment Vitaminic ampull.<\/b><\/p>\n<p><span style=\"font-weight: 400;\">Reparera huden samtidigt som den f\u00e5r n\u00e4ring och \u00e5terst\u00e4llning. Denna sp\u00e4nnande mask v\u00e4rmer f\u00f6rst upp s\u00e5 att vitaminer kan tr\u00e4nga in i huden och kyler sedan ner f\u00f6r att f\u00f6rsegla f\u00f6ryngrande f\u00f6rdelar. Mikroemulgerade vitaminer maximerar hudens skydd mot fria radikaler och tidigt \u00e5ldrande. Huden blir sammetslen och djupt \u00e5terfuktad.<\/span><\/p>\n<p><span style=\"font-weight: 400;\">Rekommenderas f\u00f6r symtom p\u00e5 torr, uttorkad och flagnande hud. Idealisk f\u00f6r r\u00f6kare.<\/span><\/p>\n","protected":false},"featured_media":43931,"template":"","meta":[],"product_brand":[],"product_cat":[287,301,296,300],"product_tag":[],"class_list":{"0":"post-43929","1":"product","2":"type-product","3":"status-publish","4":"has-post-thumbnail","6":"product_cat-alla-produkter","7":"product_cat-ansikte-professional","8":"product_cat-pevonia-2","9":"product_cat-professional","11":"first","12":"instock","13":"taxable","14":"shipping-taxable","15":"purchasable","16":"product-type-simple"},"shsp-ext":{"main":{},"variations":[]},"_links":{"self":[{"href":"https:\/\/b4k.se\/no\/wp-json\/wp\/v2\/product\/43929","targetHints":{"allow":["GET"]}}],"collection":[{"href":"https:\/\/b4k.se\/no\/wp-json\/wp\/v2\/product"}],"about":[{"href":"https:\/\/b4k.se\/no\/wp-json\/wp\/v2\/types\/product"}],"wp:featuredmedia":[{"embeddable":true,"href":"https:\/\/b4k.se\/no\/wp-json\/wp\/v2\/media\/43931"}],"wp:attachment":[{"href":"https:\/\/b4k.se\/no\/wp-json\/wp\/v2\/media?parent=43929"}],"wp:term":[{"taxonomy":"product_brand","embeddable":true,"href":"https:\/\/b4k.se\/no\/wp-json\/wp\/v2\/product_brand?post=43929"},{"taxonomy":"product_cat","embeddable":true,"href":"https:\/\/b4k.se\/no\/wp-json\/wp\/v2\/product_cat?post=43929"},{"taxonomy":"product_tag","embeddable":true,"href":"https:\/\/b4k.se\/no\/wp-json\/wp\/v2\/product_tag?post=43929"}],"curies":[{"name":"wp","href":"https:\/\/api.w.org\/{rel}","templated":true}]}}