{"id":43926,"date":"2018-12-17T09:26:09","date_gmt":"2018-12-17T08:26:09","guid":{"rendered":"https:\/\/b4k.se\/product\/youthrenew-hydra-glow-peel\/"},"modified":"2026-02-23T13:03:00","modified_gmt":"2026-02-23T12:03:00","slug":"youthrenew-hydra-glow-peel","status":"publish","type":"product","link":"https:\/\/b4k.se\/no\/produkt\/youthrenew-hydra-glow-peel\/","title":{"rendered":"YouthRenew Hydra-Glow Peel"},"content":{"rendered":"<p>Salongsf\u00f6rpackning p\u00e5 120ml med YouthRenew Hydra-Glow Peel.<\/p>\n<p>Anv\u00e4ndning:<\/p>\n<ol>\n<li>Reng\u00f6r ansiktet och \u00f6gonomr\u00e5det noggrant.<\/li>\n<li>T\u00e4ck \u00f6gonen med pads fuktade av Anti-Stress Eye Lotion och applicera Micro-Emulsion Massage Cream p\u00e5 n\u00e4sborre\u00f6ppningar och l\u00e4ppkonturer.<\/li>\n<li>H\u00e4ll en tesked (3ml) med YouthRenew&#x2122; Hydra-Glow Peel i en kopp.<\/li>\n<li>Med en applikator, applicera ett v\u00e4ldigt tunt lager j\u00e4mnt \u00f6ver ansikte och nacke med start p\u00e5 mitten av pannan, ansiktes konturer, mitten av ansiktet, sedan nacken. L\u00e5t produkten verka 5 till 10 minuter beroende p\u00e5 hudtyp. Sk\u00f6lj sedan noggrant av med iskallt vatten.<\/li>\n<li>Applicera en tesked med Neutralizing Gel \u00f6ver den peelade huden. Med fuktade fingertoppar fr\u00e5n iskallt vatten, arbeta in gelen f\u00f6rsiktigt \u00f6ver hela huden. V\u00e4nta 2 minuter och sk\u00f6lj sedan noggrant av med iskallt vatten.<\/li>\n<li>Efter det, skumma upp en liten m\u00e4ngd med Phyto-Gel Cleanser mellan bl\u00f6ta handflator. Applicera Phyto-Gel Cleanser \u00f6ver ansikte och hals, och arbeta in f\u00f6rsiktigt. Avl\u00e4gsna f\u00f6rst reng\u00f6ringen med torra pads, sedan med bl\u00f6ta pads fr\u00e5n iskallt vatten. Avl\u00e4gsna \u00f6gon-padsen.<\/li>\n<li>Ta ur iskalla pads fr\u00e5n vattensk\u00e5len. Kl\u00e4m ur padsen lite och t\u00e4ck sedan hela ansiktet och nacken med iskalla kompresser. L\u00e5t dem ligga p\u00e5 i 5 minuter. F\u00f6r k\u00e4nslig hud, applicera Sensitive Skin Mask \u00f6ver hela ansiktet och nacken. L\u00e5t verka i 10 minuter. Avl\u00e4gsna masken med pads v\u00e5ta av iskallt vatten.<\/li>\n<li>F\u00f6lj upp med Facial Lotion All Skin Types.<\/li>\n<li>Som ett sista steg, applicera Reactive Skin Care Cream eller Lumafirm\u00ae Lift &amp; Glow Cream \u00f6ver hela ansiktet och nacken. Massera f\u00f6rsiktigt in tills kr\u00e4men absorberats.<\/li>\n<\/ol>\n","protected":false},"excerpt":{"rendered":"<p><strong>Salongsf\u00f6rpackning p\u00e5 120ml med YouthRenew Hydra-Glow Peel.<\/strong><\/p>\n<p>Mj\u00f6lksyra \u00e4r en av de mest erk\u00e4nda och mycket ber\u00f6mda syrorna. L+ mj\u00f6lksyra \u00e4r den optimala molekylformen som erbjuder m\u00e5nga unika egenskaper: den exfolierar genom att l\u00f6sa upp d\u00f6da celler p\u00e5 ytan och ger huden en total f\u00f6rnyande effekt, samtidigt som den \u00e5terfuktar och reglerar pH-balansen. Det \u00e4r antimikrobiellt, och viktigast av allt, fungerar som en huduppljusare genom att d\u00e4mpa bildandet av tyrosinas (enzym som \u00e4r n\u00f6dv\u00e4ndigt f\u00f6r melaninproduktion).<\/p>\n<p>YouthRenew&#x2122; Hydra-Glow Peel ger huden en mjukare textur, minimerade rynkor och uppljusad hyperpigmentering. Huden framtr\u00e4der underbart \u00e5terfuktad med en str\u00e5lande, h\u00e4lsosam lyster.<\/p>\n<p>Rekommenderas f\u00f6r alla hudtyper inklusive akneben\u00e4gen, hyperpigmenterad, uttorkad, torr eller oljig hud med gl\u00e5migt utseende. Rekommenderas inte f\u00f6r \u00f6verk\u00e4nslig hud.<\/p>\n","protected":false},"featured_media":43928,"template":"","meta":[],"product_brand":[],"product_cat":[287,301,296,300],"product_tag":[],"class_list":{"0":"post-43926","1":"product","2":"type-product","3":"status-publish","4":"has-post-thumbnail","6":"product_cat-alla-produkter","7":"product_cat-ansikte-professional","8":"product_cat-pevonia-2","9":"product_cat-professional","11":"first","12":"outofstock","13":"taxable","14":"shipping-taxable","15":"purchasable","16":"product-type-simple"},"shsp-ext":{"main":{},"variations":[]},"_links":{"self":[{"href":"https:\/\/b4k.se\/no\/wp-json\/wp\/v2\/product\/43926","targetHints":{"allow":["GET"]}}],"collection":[{"href":"https:\/\/b4k.se\/no\/wp-json\/wp\/v2\/product"}],"about":[{"href":"https:\/\/b4k.se\/no\/wp-json\/wp\/v2\/types\/product"}],"wp:featuredmedia":[{"embeddable":true,"href":"https:\/\/b4k.se\/no\/wp-json\/wp\/v2\/media\/43928"}],"wp:attachment":[{"href":"https:\/\/b4k.se\/no\/wp-json\/wp\/v2\/media?parent=43926"}],"wp:term":[{"taxonomy":"product_brand","embeddable":true,"href":"https:\/\/b4k.se\/no\/wp-json\/wp\/v2\/product_brand?post=43926"},{"taxonomy":"product_cat","embeddable":true,"href":"https:\/\/b4k.se\/no\/wp-json\/wp\/v2\/product_cat?post=43926"},{"taxonomy":"product_tag","embeddable":true,"href":"https:\/\/b4k.se\/no\/wp-json\/wp\/v2\/product_tag?post=43926"}],"curies":[{"name":"wp","href":"https:\/\/api.w.org\/{rel}","templated":true}]}}