{"id":43914,"date":"2018-12-18T09:04:07","date_gmt":"2018-12-18T08:04:07","guid":{"rendered":"https:\/\/b4k.se\/product\/vitamin-c-with-oxyzomes-5x5ml\/"},"modified":"2026-03-19T10:14:17","modified_gmt":"2026-03-19T09:14:17","slug":"vitamin-c-with-oxyzomes-5x5ml","status":"publish","type":"product","link":"https:\/\/b4k.se\/no\/produkt\/vitamin-c-with-oxyzomes-5x5ml\/","title":{"rendered":"Vitamin \"C\" with Oxyzomes 5x5ml - 5 beh"},"content":{"rendered":"<p>F\u00f6rpackning med 5st Vitamin \"C\" with Oxyzomes ampuller om 5ml.<\/p>\n<p>Anv\u00e4ndning:<\/p>\n<p>F\u00f6lj steg-f\u00f6r-steg-manualen till Luminous Skin and Oxygenated Skin Treatment.<\/p>\n<p>Notera: Denna ampull \u00e4r ocks\u00e5 en del av Luminous \u201cC\u201d &amp; \u201cSea\u201d \u00ae Mask Treatment.<\/p>\n","protected":false},"excerpt":{"rendered":"<p><strong>F\u00f6rpackning med 5st Vitamin \"C\" with Oxyzomes ampuller om 5ml.<\/strong><\/p>\n<p>Revitalisera, f\u00f6ryngra, tona och ljusa upp huden med denna intensiva ampullbehandling.<\/p>\n<p>Med ett enast\u00e5ende, m\u00e5linriktat leveranssystem: oxyzomer, frig\u00f6rs C -vitamin i huden hela dagen f\u00f6r en b\u00e4ttre syres\u00e4ttning och optimal f\u00f6rdelning. Koncentratet \u00e4r formulerat med hyaluronsyra f\u00f6r att ge enkel och snabb absorption och fungerar till att synligt reparera huden, sl\u00e4ta ut den och minska rynkor. Kvar avsl\u00f6jas ett mer ungdomligt utseende med en h\u00e4lsosam, str\u00e5lande lyster!<\/p>\n<p>Rekommenderas f\u00f6r kombinerad, torr eller fet hud. Rekommendera inte f\u00f6r \u00f6verk\u00e4nslig hud.<\/p>\n","protected":false},"featured_media":43916,"template":"","meta":[],"product_brand":[],"product_cat":[287,301,296,300],"product_tag":[],"class_list":{"0":"post-43914","1":"product","2":"type-product","3":"status-publish","4":"has-post-thumbnail","6":"product_cat-alla-produkter","7":"product_cat-ansikte-professional","8":"product_cat-pevonia-2","9":"product_cat-professional","11":"first","12":"instock","13":"taxable","14":"shipping-taxable","15":"purchasable","16":"product-type-simple"},"shsp-ext":{"main":{},"variations":[]},"_links":{"self":[{"href":"https:\/\/b4k.se\/no\/wp-json\/wp\/v2\/product\/43914","targetHints":{"allow":["GET"]}}],"collection":[{"href":"https:\/\/b4k.se\/no\/wp-json\/wp\/v2\/product"}],"about":[{"href":"https:\/\/b4k.se\/no\/wp-json\/wp\/v2\/types\/product"}],"wp:featuredmedia":[{"embeddable":true,"href":"https:\/\/b4k.se\/no\/wp-json\/wp\/v2\/media\/43916"}],"wp:attachment":[{"href":"https:\/\/b4k.se\/no\/wp-json\/wp\/v2\/media?parent=43914"}],"wp:term":[{"taxonomy":"product_brand","embeddable":true,"href":"https:\/\/b4k.se\/no\/wp-json\/wp\/v2\/product_brand?post=43914"},{"taxonomy":"product_cat","embeddable":true,"href":"https:\/\/b4k.se\/no\/wp-json\/wp\/v2\/product_cat?post=43914"},{"taxonomy":"product_tag","embeddable":true,"href":"https:\/\/b4k.se\/no\/wp-json\/wp\/v2\/product_tag?post=43914"}],"curies":[{"name":"wp","href":"https:\/\/api.w.org\/{rel}","templated":true}]}}