{"id":43911,"date":"2018-12-18T08:54:36","date_gmt":"2018-12-18T07:54:36","guid":{"rendered":"https:\/\/b4k.se\/product\/elastin-polypeptides-with-sorghum-5x5mlluminous-firm-skin\/"},"modified":"2026-01-23T11:54:38","modified_gmt":"2026-01-23T10:54:38","slug":"elastin-polypeptides-with-sorghum-5x5mlluminous-firm-skin","status":"publish","type":"product","link":"https:\/\/b4k.se\/no\/produkt\/elastin-polypeptides-with-sorghum-5x5mlluminous-firm-skin\/","title":{"rendered":"Pevonia Elastin Polypeptides with Sorghum  5x5ml"},"content":{"rendered":"<p>F\u00f6rpackning med 5 behandlingar av Elastin Polypeptides with Sorghum 5x5ml (Luminous &amp; Firm Skin).<\/p>\n","protected":false},"excerpt":{"rendered":"<p><b>F\u00f6rpackning med 5 behandlingar av Elastin Polypeptides with Sorghum 5x5ml (Luminous &amp; Firm Skin).<\/b><\/p>\n<p><span style=\"font-weight: 400;\">En kraftfull behandling som synligt st\u00e4rker och f\u00f6ryngrar huden med en h\u00f6g koncentration av sorghum (rik p\u00e5 vitamin B2, C och polysackarider), kombinerat med Elastin polypeptider.\u00a0<\/span><\/p>\n<p><span style=\"font-weight: 400;\">Denna kraftfulla behandling hj\u00e4lper effektivt till att f\u00f6rhindra f\u00f6r tidig f\u00f6rslappning av huden och ger \u00e5terfuktande och stramande f\u00f6rdelar f\u00f6r ett omedelbart fastare, mer ungdomligt utseende.<\/span><\/p>\n<p><span style=\"font-weight: 400;\">Rekommenderas f\u00f6r alla hudtyper med symptom p\u00e5 f\u00f6rlust av elasticitet, brist p\u00e5 lyster, torr, uttorkad och l\u00f6s hud.<\/span><\/p>\n","protected":false},"featured_media":43913,"template":"","meta":[],"product_brand":[],"product_cat":[287,301,296,300],"product_tag":[],"class_list":{"0":"post-43911","1":"product","2":"type-product","3":"status-publish","4":"has-post-thumbnail","6":"product_cat-alla-produkter","7":"product_cat-ansikte-professional","8":"product_cat-pevonia-2","9":"product_cat-professional","11":"first","12":"instock","13":"taxable","14":"shipping-taxable","15":"purchasable","16":"product-type-simple"},"shsp-ext":{"main":{},"variations":[]},"_links":{"self":[{"href":"https:\/\/b4k.se\/no\/wp-json\/wp\/v2\/product\/43911","targetHints":{"allow":["GET"]}}],"collection":[{"href":"https:\/\/b4k.se\/no\/wp-json\/wp\/v2\/product"}],"about":[{"href":"https:\/\/b4k.se\/no\/wp-json\/wp\/v2\/types\/product"}],"wp:featuredmedia":[{"embeddable":true,"href":"https:\/\/b4k.se\/no\/wp-json\/wp\/v2\/media\/43913"}],"wp:attachment":[{"href":"https:\/\/b4k.se\/no\/wp-json\/wp\/v2\/media?parent=43911"}],"wp:term":[{"taxonomy":"product_brand","embeddable":true,"href":"https:\/\/b4k.se\/no\/wp-json\/wp\/v2\/product_brand?post=43911"},{"taxonomy":"product_cat","embeddable":true,"href":"https:\/\/b4k.se\/no\/wp-json\/wp\/v2\/product_cat?post=43911"},{"taxonomy":"product_tag","embeddable":true,"href":"https:\/\/b4k.se\/no\/wp-json\/wp\/v2\/product_tag?post=43911"}],"curies":[{"name":"wp","href":"https:\/\/api.w.org\/{rel}","templated":true}]}}