{"id":43903,"date":"2023-03-29T11:48:50","date_gmt":"2023-03-29T09:48:50","guid":{"rendered":"https:\/\/b4k.se\/product\/foam-a-zyme-peel\/"},"modified":"2026-01-23T11:52:06","modified_gmt":"2026-01-23T10:52:06","slug":"foam-a-zyme-peel","status":"publish","type":"product","link":"https:\/\/b4k.se\/no\/produkt\/foam-a-zyme-peel\/","title":{"rendered":"Pevonia Foam-A-Zym Peel 100 ml"},"content":{"rendered":"<p>En banbrytande behandling som f\u00f6renklar utf\u00f6randet av port\u00f6mning samtidigt som absorptionen av behandlingens ingredienser n\u00e5r en h\u00f6gre niv\u00e5. Den h\u00e4r professionella produkten anses vara ett m\u00e5ste f\u00f6r hudterapeuter och minskar inte bara hindren och tiden som \u00e4gnas \u00e5t exfoliering och port\u00f6mning, utan producerar ocks\u00e5 h\u00e4pnadsv\u00e4ckande resultat.\u200b<\/p>\n<p><strong>Anv\u00e4ndning:<\/strong><\/p>\n<p>Se Step by Step-manual. Enbart f\u00f6r professionellt bruk.<\/p>\n","protected":false},"excerpt":{"rendered":"<p>Foam-A-Zym&#x2122; Peel med Hyalusphere\u00ae och Retinol \u00e4r en ny och unik metod inom djupreng\u00f6ring och exfoliering f\u00f6r att \u00e5stadkomma en frisk och ungdomlig hud.<\/p>\n<p>Naturligt exfolierande enzymer fr\u00e5n ananas, papaya och svamp kombineras med h\u00f6gteknologisk sph\u00e9rulit-mikroinkapsling, f\u00f6r att ge en s\u00e5 precis tillf\u00f6rsel som m\u00f6jligt av naturlig hyaluronsyra och Micro-Retinol\u00ae. Resultatet blir en fantastiskt \u00e5terfuktad och f\u00f6rnyad hud med en synbar lyster.<\/p>\n<p>Rekommenderas f\u00f6r alla tillt\u00e4ppta hudtyper, inklusive fet, akneisk, mogen hud, vidgade och blockerade porer, sv\u00e5ra port\u00f6mningar etc.\u200b Ej f\u00f6r \u00f6verk\u00e4nslig hud\u200b.<\/p>\n","protected":false},"featured_media":43904,"template":"","meta":[],"product_brand":[],"product_cat":[287,301,296,300],"product_tag":[],"class_list":{"0":"post-43903","1":"product","2":"type-product","3":"status-publish","4":"has-post-thumbnail","6":"product_cat-alla-produkter","7":"product_cat-ansikte-professional","8":"product_cat-pevonia-2","9":"product_cat-professional","11":"first","12":"instock","13":"taxable","14":"shipping-taxable","15":"purchasable","16":"product-type-simple"},"shsp-ext":{"main":{},"variations":[]},"_links":{"self":[{"href":"https:\/\/b4k.se\/no\/wp-json\/wp\/v2\/product\/43903","targetHints":{"allow":["GET"]}}],"collection":[{"href":"https:\/\/b4k.se\/no\/wp-json\/wp\/v2\/product"}],"about":[{"href":"https:\/\/b4k.se\/no\/wp-json\/wp\/v2\/types\/product"}],"wp:featuredmedia":[{"embeddable":true,"href":"https:\/\/b4k.se\/no\/wp-json\/wp\/v2\/media\/43904"}],"wp:attachment":[{"href":"https:\/\/b4k.se\/no\/wp-json\/wp\/v2\/media?parent=43903"}],"wp:term":[{"taxonomy":"product_brand","embeddable":true,"href":"https:\/\/b4k.se\/no\/wp-json\/wp\/v2\/product_brand?post=43903"},{"taxonomy":"product_cat","embeddable":true,"href":"https:\/\/b4k.se\/no\/wp-json\/wp\/v2\/product_cat?post=43903"},{"taxonomy":"product_tag","embeddable":true,"href":"https:\/\/b4k.se\/no\/wp-json\/wp\/v2\/product_tag?post=43903"}],"curies":[{"name":"wp","href":"https:\/\/api.w.org\/{rel}","templated":true}]}}