{"id":43900,"date":"2018-12-17T11:29:09","date_gmt":"2018-12-17T10:29:09","guid":{"rendered":"https:\/\/b4k.se\/product\/enzymes-powder-mask\/"},"modified":"2026-03-02T15:50:47","modified_gmt":"2026-03-02T14:50:47","slug":"enzymes-powder-mask","status":"publish","type":"product","link":"https:\/\/b4k.se\/no\/produkt\/enzymes-powder-mask\/","title":{"rendered":"Enzymes Powder Mask"},"content":{"rendered":"<p><span style=\"font-weight: 400;\">Rekommenderas f\u00f6r all hud f\u00f6rutom \u00f6verk\u00e4nslig.<\/span><\/p>\n<p><span style=\"font-weight: 400;\">Anv\u00e4ndning:<\/span><\/p>\n<ol>\n<li><span style=\"font-weight: 400;\"> Blanda en 1\/2 tesked av Enzympulvret med en liten m\u00e4ngd varmt vatten tills du f\u00e5r en sl\u00e4t kr\u00e4m.<\/span><\/li>\n<li><span style=\"font-weight: 400;\"> Applicera p\u00e5 ansikte och hals med en maskborste, applicera 1 \u00bd cm fr\u00e5n \u00f6gonen.<\/span><\/li>\n<li><span style=\"font-weight: 400;\"> Tills\u00e4tt \u00e5nga i 5-10 minuter: det \u00e4r viktigt att peelingen f\u00f6rblir fuktig p\u00e5 huden.<\/span><\/li>\n<li><span style=\"font-weight: 400;\"> Ta bort med varmt vatten, forts\u00e4tt sedan med extraktion.<\/span><\/li>\n<li><span style=\"font-weight: 400;\"> Reng\u00f6r med Phyto-Gel Cleanser, f\u00f6ljt av en l\u00e4mplig Pevonia\u00aeLotion.<\/span><\/li>\n<\/ol>\n","protected":false},"excerpt":{"rendered":"<p><span style=\"font-weight: 400;\">De kraftfulla enzymerna i denna pulvermask sm\u00e4lter alla ytliga hudf\u00f6roreningar, talg, d\u00f6da hudceller, seborrheiska rester och tillt\u00e4ppning - inklusive pormaskar. Denna mask ljusar upp hudtonen och f\u00f6rbereder huden f\u00f6r enkla extraktioner och djupreng\u00f6ring.<\/span><\/p>\n<p><span style=\"font-weight: 400;\">Behandlingen \u00e4r icke-irriterande och kan appliceras p\u00e5 alla hudtyper - inklusive k\u00e4nslig och aknehud - f\u00f6rutom en \u00f6verk\u00e4nslig hud.<\/span><\/p>\n<p><span style=\"font-weight: 400;\">Rekommenderas f\u00f6r all hud f\u00f6rutom \u00f6verk\u00e4nslig.<\/span><\/p>\n","protected":false},"featured_media":43902,"template":"","meta":[],"product_brand":[],"product_cat":[287,301,296,300],"product_tag":[],"class_list":{"0":"post-43900","1":"product","2":"type-product","3":"status-publish","4":"has-post-thumbnail","6":"product_cat-alla-produkter","7":"product_cat-ansikte-professional","8":"product_cat-pevonia-2","9":"product_cat-professional","11":"first","12":"outofstock","13":"taxable","14":"shipping-taxable","15":"purchasable","16":"product-type-simple"},"shsp-ext":{"main":{},"variations":[]},"_links":{"self":[{"href":"https:\/\/b4k.se\/no\/wp-json\/wp\/v2\/product\/43900","targetHints":{"allow":["GET"]}}],"collection":[{"href":"https:\/\/b4k.se\/no\/wp-json\/wp\/v2\/product"}],"about":[{"href":"https:\/\/b4k.se\/no\/wp-json\/wp\/v2\/types\/product"}],"wp:featuredmedia":[{"embeddable":true,"href":"https:\/\/b4k.se\/no\/wp-json\/wp\/v2\/media\/43902"}],"wp:attachment":[{"href":"https:\/\/b4k.se\/no\/wp-json\/wp\/v2\/media?parent=43900"}],"wp:term":[{"taxonomy":"product_brand","embeddable":true,"href":"https:\/\/b4k.se\/no\/wp-json\/wp\/v2\/product_brand?post=43900"},{"taxonomy":"product_cat","embeddable":true,"href":"https:\/\/b4k.se\/no\/wp-json\/wp\/v2\/product_cat?post=43900"},{"taxonomy":"product_tag","embeddable":true,"href":"https:\/\/b4k.se\/no\/wp-json\/wp\/v2\/product_tag?post=43900"}],"curies":[{"name":"wp","href":"https:\/\/api.w.org\/{rel}","templated":true}]}}