{"id":43897,"date":"2018-12-17T12:05:14","date_gmt":"2018-12-17T11:05:14","guid":{"rendered":"https:\/\/b4k.se\/product\/neutralizing-gel-2\/"},"modified":"2026-03-09T12:15:54","modified_gmt":"2026-03-09T11:15:54","slug":"neutralizing-gel-2","status":"publish","type":"product","link":"https:\/\/b4k.se\/no\/produkt\/neutralizing-gel-2\/","title":{"rendered":"Neutralizing Gel"},"content":{"rendered":"<p>Salongsf\u00f6rpackning p\u00e5 120ml med Neutralizing gel.<\/p>\n<p>Anv\u00e4ndning:<\/p>\n<p>Neutraliseringsprocessen b\u00f6r utf\u00f6ras efter YouthRenew&#x2122; Hydra-Glow Peel eller Micro-Retinol\u00ae Peel.<\/p>\n","protected":false},"excerpt":{"rendered":"<p><strong>Salongsf\u00f6rpackning p\u00e5 120ml med Neutralizing gel.<\/strong><\/p>\n<p>Neutraliserar syror och balanserar hudens pH efter peeling.<\/p>\n<p>En effektiv professionell produkt f\u00f6r att neutralisera syror och balansera hudens pH efter varje Pevonia-peeling. Denna neutraliseringsprocess b\u00f6r utf\u00f6ras efter Lacto-Flora Peel, YouthRenew&#x2122; Hydra-Glow Peel eller Micro-Retinol\u00ae Peel. Huden k\u00e4nns omedelbart l\u00e4ttad. All hudv\u00e4rme kommer att avta, och syraaktiviteten kommer omedelbart att upph\u00f6ra.<\/p>\n<p>Rekommenderas f\u00f6r alla hudtyper.<\/p>\n","protected":false},"featured_media":43899,"template":"","meta":[],"product_brand":[],"product_cat":[287,301,296,300],"product_tag":[],"class_list":{"0":"post-43897","1":"product","2":"type-product","3":"status-publish","4":"has-post-thumbnail","6":"product_cat-alla-produkter","7":"product_cat-ansikte-professional","8":"product_cat-pevonia-2","9":"product_cat-professional","11":"first","12":"instock","13":"taxable","14":"shipping-taxable","15":"purchasable","16":"product-type-simple"},"shsp-ext":{"main":{},"variations":[]},"_links":{"self":[{"href":"https:\/\/b4k.se\/no\/wp-json\/wp\/v2\/product\/43897","targetHints":{"allow":["GET"]}}],"collection":[{"href":"https:\/\/b4k.se\/no\/wp-json\/wp\/v2\/product"}],"about":[{"href":"https:\/\/b4k.se\/no\/wp-json\/wp\/v2\/types\/product"}],"wp:featuredmedia":[{"embeddable":true,"href":"https:\/\/b4k.se\/no\/wp-json\/wp\/v2\/media\/43899"}],"wp:attachment":[{"href":"https:\/\/b4k.se\/no\/wp-json\/wp\/v2\/media?parent=43897"}],"wp:term":[{"taxonomy":"product_brand","embeddable":true,"href":"https:\/\/b4k.se\/no\/wp-json\/wp\/v2\/product_brand?post=43897"},{"taxonomy":"product_cat","embeddable":true,"href":"https:\/\/b4k.se\/no\/wp-json\/wp\/v2\/product_cat?post=43897"},{"taxonomy":"product_tag","embeddable":true,"href":"https:\/\/b4k.se\/no\/wp-json\/wp\/v2\/product_tag?post=43897"}],"curies":[{"name":"wp","href":"https:\/\/api.w.org\/{rel}","templated":true}]}}