{"id":43891,"date":"2018-12-17T11:35:20","date_gmt":"2018-12-17T10:35:20","guid":{"rendered":"https:\/\/b4k.se\/product\/micro-emulsion-massage-cream\/"},"modified":"2026-03-25T11:27:21","modified_gmt":"2026-03-25T10:27:21","slug":"micro-emulsion-massage-cream","status":"publish","type":"product","link":"https:\/\/b4k.se\/no\/produkt\/micro-emulsion-massage-cream\/","title":{"rendered":"Micro-emulsion Massage Cream"},"content":{"rendered":"<p>Salongsf\u00f6rpackning p\u00e5 100 ml av Micro-emulsion massage cream.<\/p>\n<p><span style=\"font-weight: 400\">F\u00f6rdelar:<\/span><\/p>\n<ul>\n<li style=\"font-weight: 400\"><span style=\"font-weight: 400\">Ger enkel glidning och \u00e4r silkeslen.<\/span><\/li>\n<li style=\"font-weight: 400\"><span style=\"font-weight: 400\">Icke-fet<\/span><\/li>\n<li style=\"font-weight: 400\"><span style=\"font-weight: 400\">Sl\u00e4tar ut en keratiniserad yta<\/span><\/li>\n<li style=\"font-weight: 400\"><span style=\"font-weight: 400\">Ger n\u00e4ring och f\u00f6ryngrar<\/span><\/li>\n<li style=\"font-weight: 400\"><span style=\"font-weight: 400\">F\u00f6rb\u00e4ttrar elasticitet<\/span><\/li>\n<\/ul>\n<p><span style=\"font-weight: 400\">Anv\u00e4ndning:<\/span><\/p>\n<p><span style=\"font-weight: 400\">Anv\u00e4nd som ansiktsmassageprodukt f\u00f6r alla hudtyper.<\/span><\/p>\n<ol>\n<li><span style=\"font-weight: 400\"> Applicera sparsamt med kr\u00e4men och massera in \u00f6ver huden.<\/span><\/li>\n<li><span style=\"font-weight: 400\"> N\u00e4r du har masserat in kr\u00e4men, fukta d\u00e5 h\u00e4nderna med vatten och arbeta in massagekr\u00e4men p\u00e5 din klients hud. Kr\u00e4men f\u00f6rvandlas d\u00e5 till en vattenl\u00f6sning olja<\/span><\/li>\n<li><span style=\"font-weight: 400\"> Treng\u00f6r efter anv\u00e4ndning med Phyto gel cleanser f\u00f6r att f\u00e5 bort oljiga rester.<\/span><\/li>\n<\/ol>\n","protected":false},"excerpt":{"rendered":"<p><strong>Salongsf\u00f6rpackning p\u00e5 100 ml av Micro-emulsion massage cream.<\/strong><\/p>\n<p>Massagekr\u00e4m f\u00f6r ansikte och dekolletage som utj\u00e4mnar, ger n\u00e4ring, f\u00f6ryngrar och f\u00f6rb\u00e4ttrar elasticiteten.<\/p>\n<p>Denna mikroemulsions-massagekr\u00e4men \u00e4r icke-fet och glider l\u00e4tt p\u00e5 huden. Dess silkeslena konsistens sl\u00e4tar ut keratiniserade ytor, ger n\u00e4ring, f\u00f6ryngrar och f\u00f6rb\u00e4ttrar elasticiteten.<\/p>\n","protected":false},"featured_media":43892,"template":"","meta":[],"product_brand":[],"product_cat":[287,301,296,300],"product_tag":[],"class_list":{"0":"post-43891","1":"product","2":"type-product","3":"status-publish","4":"has-post-thumbnail","6":"product_cat-alla-produkter","7":"product_cat-ansikte-professional","8":"product_cat-pevonia-2","9":"product_cat-professional","11":"first","12":"instock","13":"taxable","14":"shipping-taxable","15":"purchasable","16":"product-type-simple"},"shsp-ext":{"main":{},"variations":[]},"_links":{"self":[{"href":"https:\/\/b4k.se\/no\/wp-json\/wp\/v2\/product\/43891","targetHints":{"allow":["GET"]}}],"collection":[{"href":"https:\/\/b4k.se\/no\/wp-json\/wp\/v2\/product"}],"about":[{"href":"https:\/\/b4k.se\/no\/wp-json\/wp\/v2\/types\/product"}],"wp:featuredmedia":[{"embeddable":true,"href":"https:\/\/b4k.se\/no\/wp-json\/wp\/v2\/media\/43892"}],"wp:attachment":[{"href":"https:\/\/b4k.se\/no\/wp-json\/wp\/v2\/media?parent=43891"}],"wp:term":[{"taxonomy":"product_brand","embeddable":true,"href":"https:\/\/b4k.se\/no\/wp-json\/wp\/v2\/product_brand?post=43891"},{"taxonomy":"product_cat","embeddable":true,"href":"https:\/\/b4k.se\/no\/wp-json\/wp\/v2\/product_cat?post=43891"},{"taxonomy":"product_tag","embeddable":true,"href":"https:\/\/b4k.se\/no\/wp-json\/wp\/v2\/product_tag?post=43891"}],"curies":[{"name":"wp","href":"https:\/\/api.w.org\/{rel}","templated":true}]}}