{"id":43888,"date":"2018-12-17T11:25:11","date_gmt":"2018-12-17T10:25:11","guid":{"rendered":"https:\/\/b4k.se\/product\/light-feet-treatment-mask\/"},"modified":"2026-03-12T18:14:30","modified_gmt":"2026-03-12T17:14:30","slug":"light-feet-treatment-mask","status":"publish","type":"product","link":"https:\/\/b4k.se\/no\/produkt\/light-feet-treatment-mask\/","title":{"rendered":"Light Feet Treatment Mask"},"content":{"rendered":"<p><span style=\"font-weight: 400\">Anv\u00e4ndning:<\/span><\/p>\n<p><span style=\"font-weight: 400\">Se proceduren i steg-f\u00f6r-steg-manualen (Light Feet Mask Treatment).<\/span><\/p>\n","protected":false},"excerpt":{"rendered":"<p><span style=\"font-weight: 400\">Detta \u00e4r en antiseptisk, gr\u00f6n fotmask som \u00e4r idealisk f\u00f6r att avsluta en effektiv spapedikyr. Behandlingen \u00e4r underbart uppfriskande och svalkande, lindrar stress och tr\u00f6tthet, ger avslappning och bidrar med en k\u00e4nsla av v\u00e4lbefinnande.<\/span><\/p>\n","protected":false},"featured_media":43890,"template":"","meta":[],"product_brand":[],"product_cat":[287,318,296,300],"product_tag":[],"class_list":{"0":"post-43888","1":"product","2":"type-product","3":"status-publish","4":"has-post-thumbnail","6":"product_cat-alla-produkter","7":"product_cat-kropp-professional","8":"product_cat-pevonia-2","9":"product_cat-professional","11":"first","12":"instock","13":"taxable","14":"shipping-taxable","15":"purchasable","16":"product-type-simple"},"shsp-ext":{"main":{},"variations":[]},"_links":{"self":[{"href":"https:\/\/b4k.se\/no\/wp-json\/wp\/v2\/product\/43888","targetHints":{"allow":["GET"]}}],"collection":[{"href":"https:\/\/b4k.se\/no\/wp-json\/wp\/v2\/product"}],"about":[{"href":"https:\/\/b4k.se\/no\/wp-json\/wp\/v2\/types\/product"}],"wp:featuredmedia":[{"embeddable":true,"href":"https:\/\/b4k.se\/no\/wp-json\/wp\/v2\/media\/43890"}],"wp:attachment":[{"href":"https:\/\/b4k.se\/no\/wp-json\/wp\/v2\/media?parent=43888"}],"wp:term":[{"taxonomy":"product_brand","embeddable":true,"href":"https:\/\/b4k.se\/no\/wp-json\/wp\/v2\/product_brand?post=43888"},{"taxonomy":"product_cat","embeddable":true,"href":"https:\/\/b4k.se\/no\/wp-json\/wp\/v2\/product_cat?post=43888"},{"taxonomy":"product_tag","embeddable":true,"href":"https:\/\/b4k.se\/no\/wp-json\/wp\/v2\/product_tag?post=43888"}],"curies":[{"name":"wp","href":"https:\/\/api.w.org\/{rel}","templated":true}]}}