{"id":43885,"date":"2018-12-17T11:22:55","date_gmt":"2018-12-17T10:22:55","guid":{"rendered":"https:\/\/b4k.se\/product\/foot-bath-softening-sea-salts\/"},"modified":"2026-03-12T18:14:28","modified_gmt":"2026-03-12T17:14:28","slug":"foot-bath-softening-sea-salts","status":"publish","type":"product","link":"https:\/\/b4k.se\/no\/produkt\/foot-bath-softening-sea-salts\/","title":{"rendered":"Foot Bath Softening Sea Salts"},"content":{"rendered":"<p><span style=\"font-weight: 400;\">Anv\u00e4ndning:<\/span><\/p>\n<p><span style=\"font-weight: 400;\">Se tillv\u00e4gag\u00e5ngss\u00e4tt i steg-f\u00f6r-steg-manualen (Wellness Grounding Foot Soak).<\/span><\/p>\n","protected":false},"excerpt":{"rendered":"<p><span style=\"font-weight: 400;\">Detta aromatiska och antiseptiska fotbad \u00e4r avg\u00f6rande f\u00f6r att f\u00f6rbereda f\u00f6tterna f\u00f6r en enkel pedikyr. Fotbadet och saltet mjukar upp tjock hud och f\u00f6rh\u00e5rdnader, lindrar och l\u00e4ttar tyngd samtidigt som det reng\u00f6r, deodoriserar och eliminerar gifter. <\/span><\/p>\n<p><span style=\"font-weight: 400;\">Rekommenderas f\u00f6r alla hudtyper.<\/span><\/p>\n","protected":false},"featured_media":43887,"template":"","meta":[],"product_brand":[],"product_cat":[287,318,296,300],"product_tag":[],"class_list":{"0":"post-43885","1":"product","2":"type-product","3":"status-publish","4":"has-post-thumbnail","6":"product_cat-alla-produkter","7":"product_cat-kropp-professional","8":"product_cat-pevonia-2","9":"product_cat-professional","11":"first","12":"instock","13":"taxable","14":"shipping-taxable","15":"purchasable","16":"product-type-simple"},"shsp-ext":{"main":{},"variations":[]},"_links":{"self":[{"href":"https:\/\/b4k.se\/no\/wp-json\/wp\/v2\/product\/43885","targetHints":{"allow":["GET"]}}],"collection":[{"href":"https:\/\/b4k.se\/no\/wp-json\/wp\/v2\/product"}],"about":[{"href":"https:\/\/b4k.se\/no\/wp-json\/wp\/v2\/types\/product"}],"wp:featuredmedia":[{"embeddable":true,"href":"https:\/\/b4k.se\/no\/wp-json\/wp\/v2\/media\/43887"}],"wp:attachment":[{"href":"https:\/\/b4k.se\/no\/wp-json\/wp\/v2\/media?parent=43885"}],"wp:term":[{"taxonomy":"product_brand","embeddable":true,"href":"https:\/\/b4k.se\/no\/wp-json\/wp\/v2\/product_brand?post=43885"},{"taxonomy":"product_cat","embeddable":true,"href":"https:\/\/b4k.se\/no\/wp-json\/wp\/v2\/product_cat?post=43885"},{"taxonomy":"product_tag","embeddable":true,"href":"https:\/\/b4k.se\/no\/wp-json\/wp\/v2\/product_tag?post=43885"}],"curies":[{"name":"wp","href":"https:\/\/api.w.org\/{rel}","templated":true}]}}