{"id":43883,"date":"2024-04-10T10:53:02","date_gmt":"2024-04-10T08:53:02","guid":{"rendered":"https:\/\/b4k.se\/product\/tension-relief-foot-gel-500ml\/"},"modified":"2026-04-28T13:46:27","modified_gmt":"2026-04-28T11:46:27","slug":"tension-relief-foot-gel-500ml","status":"publish","type":"product","link":"https:\/\/b4k.se\/no\/produkt\/tension-relief-foot-gel-500ml\/","title":{"rendered":"Tension Relief (foot) Gel"},"content":{"rendered":"<p><span style=\"font-weight: 400;\">Anv\u00e4ndning:<\/span><\/p>\n<p><span style=\"font-weight: 400;\">Appliceras vid behov p\u00e5 tr\u00f6tta och \u00f6mma omr\u00e5den.<\/span><\/p>\n<p><span style=\"font-weight: 400;\">Se steg-f\u00f6r-steg-manualen f\u00f6r ytterligare information.<\/span><\/p>\n","protected":false},"excerpt":{"rendered":"<p><strong>Tension Relief (foot) Gel i salongsf\u00f6rpackning - 500 ml.<\/strong><\/p>\n<p><span style=\"font-weight: 400;\">Antiinflammatorisk, svalkande och upplyftande gel f\u00f6r tr\u00f6tta muskler eller \u00f6mma f\u00f6tter.<\/span><\/p>\n<p><span style=\"font-weight: 400;\">Tension Relief Gel \u00e4r en l\u00e4tt och \u00e5terupplivande gel som kyler, uppfriskar, stimulerar cirkulationen samt lindrar sp\u00e4nningar, tr\u00f6tthet och tung k\u00e4nsla i muskler, vader och f\u00f6tter.<\/span><\/p>\n<p><span style=\"font-weight: 400;\">Rekommenderas till alla vars rygg, armar, f\u00f6tter eller vader k\u00e4nns sm\u00e4rtsamma, v\u00e4rkande, tr\u00f6tta eller varma. Perfekt f\u00f6r dem som \u00e4r stressade och vill fr\u00e4scha upp huden, eliminera bakterier och stimulera cirkulationen.<\/span><\/p>\n","protected":false},"featured_media":43884,"template":"","meta":[],"product_brand":[],"product_cat":[287,318,296,300],"product_tag":[],"class_list":{"0":"post-43883","1":"product","2":"type-product","3":"status-publish","4":"has-post-thumbnail","6":"product_cat-alla-produkter","7":"product_cat-kropp-professional","8":"product_cat-pevonia-2","9":"product_cat-professional","11":"first","12":"instock","13":"taxable","14":"shipping-taxable","15":"purchasable","16":"product-type-simple"},"shsp-ext":{"main":{},"variations":[]},"_links":{"self":[{"href":"https:\/\/b4k.se\/no\/wp-json\/wp\/v2\/product\/43883","targetHints":{"allow":["GET"]}}],"collection":[{"href":"https:\/\/b4k.se\/no\/wp-json\/wp\/v2\/product"}],"about":[{"href":"https:\/\/b4k.se\/no\/wp-json\/wp\/v2\/types\/product"}],"wp:featuredmedia":[{"embeddable":true,"href":"https:\/\/b4k.se\/no\/wp-json\/wp\/v2\/media\/43884"}],"wp:attachment":[{"href":"https:\/\/b4k.se\/no\/wp-json\/wp\/v2\/media?parent=43883"}],"wp:term":[{"taxonomy":"product_brand","embeddable":true,"href":"https:\/\/b4k.se\/no\/wp-json\/wp\/v2\/product_brand?post=43883"},{"taxonomy":"product_cat","embeddable":true,"href":"https:\/\/b4k.se\/no\/wp-json\/wp\/v2\/product_cat?post=43883"},{"taxonomy":"product_tag","embeddable":true,"href":"https:\/\/b4k.se\/no\/wp-json\/wp\/v2\/product_tag?post=43883"}],"curies":[{"name":"wp","href":"https:\/\/api.w.org\/{rel}","templated":true}]}}