{"id":43880,"date":"2023-12-01T13:40:40","date_gmt":"2023-12-01T12:40:40","guid":{"rendered":"https:\/\/b4k.se\/product\/chocolate-ind-mask-1-kg\/"},"modified":"2026-03-12T18:14:13","modified_gmt":"2026-03-12T17:14:13","slug":"chocolate-ind-mask-1-kg","status":"publish","type":"product","link":"https:\/\/b4k.se\/no\/produkt\/chocolate-ind-mask-1-kg\/","title":{"rendered":"Chocolate Indulgence Mask"},"content":{"rendered":"<p>Reparerande och f\u00f6ryngrande mask f\u00f6r ansikte och kropp.<\/p>\n<p><strong>Egenskaper och f\u00f6rdelar<\/strong><\/p>\n<ul>\n<li>Stimulerar cirkulationen och f\u00f6rser huden med antioxidanter och reparerande n\u00e4rings\u00e4mnen<\/li>\n<li>G\u00f6r huden mjuk, sl\u00e4t och synligt str\u00e5lande<\/li>\n<li>Revitaliserande och uppfriskande<\/li>\n<\/ul>\n","protected":false},"excerpt":{"rendered":"<p><strong>Chocolate Indulgence Mask Face &amp; Body i salongsf\u00f6rpackning p\u00e5 1 kg. Endast f\u00f6r professionellt bruk.<\/strong><\/p>\n<p>Chocolate Indulgence Mask ger en h\u00e4rlig upplevelse f\u00f6r b\u00e5de ansikte och kropp. Masken sprider en uts\u00f6kt doft och dess rika kr\u00e4miga konsistens ger en otroligt behaglig k\u00e4nsla tack vare den perfekta blandningen av utj\u00e4mnande safflorolja, nermattande bentonitlera, \u00e5terfuktande vegetabilisk karamell och skyddande sheasm\u00f6r. N\u00e4r huden t\u00e4cks med Chocolate Indulgence Mask bidrar den med massor av antioxidanter, vitaminer, mineraler och andra viktiga n\u00e4rings\u00e4mnen.<\/p>\n","protected":false},"featured_media":43881,"template":"","meta":[],"product_brand":[],"product_cat":[287,301,318,296,300],"product_tag":[],"class_list":{"0":"post-43880","1":"product","2":"type-product","3":"status-publish","4":"has-post-thumbnail","6":"product_cat-alla-produkter","7":"product_cat-ansikte-professional","8":"product_cat-kropp-professional","9":"product_cat-pevonia-2","10":"product_cat-professional","12":"first","13":"instock","14":"taxable","15":"shipping-taxable","16":"purchasable","17":"product-type-simple"},"shsp-ext":{"main":{},"variations":[]},"_links":{"self":[{"href":"https:\/\/b4k.se\/no\/wp-json\/wp\/v2\/product\/43880","targetHints":{"allow":["GET"]}}],"collection":[{"href":"https:\/\/b4k.se\/no\/wp-json\/wp\/v2\/product"}],"about":[{"href":"https:\/\/b4k.se\/no\/wp-json\/wp\/v2\/types\/product"}],"wp:featuredmedia":[{"embeddable":true,"href":"https:\/\/b4k.se\/no\/wp-json\/wp\/v2\/media\/43881"}],"wp:attachment":[{"href":"https:\/\/b4k.se\/no\/wp-json\/wp\/v2\/media?parent=43880"}],"wp:term":[{"taxonomy":"product_brand","embeddable":true,"href":"https:\/\/b4k.se\/no\/wp-json\/wp\/v2\/product_brand?post=43880"},{"taxonomy":"product_cat","embeddable":true,"href":"https:\/\/b4k.se\/no\/wp-json\/wp\/v2\/product_cat?post=43880"},{"taxonomy":"product_tag","embeddable":true,"href":"https:\/\/b4k.se\/no\/wp-json\/wp\/v2\/product_tag?post=43880"}],"curies":[{"name":"wp","href":"https:\/\/api.w.org\/{rel}","templated":true}]}}