{"id":43872,"date":"2020-08-20T14:58:42","date_gmt":"2020-08-20T12:58:42","guid":{"rendered":"https:\/\/b4k.se\/product\/marine-magnesium-500ml\/"},"modified":"2026-01-23T11:34:42","modified_gmt":"2026-01-23T10:34:42","slug":"marine-magnesium-500ml","status":"publish","type":"product","link":"https:\/\/b4k.se\/no\/produkt\/marine-magnesium-500ml\/","title":{"rendered":"Pevonia Marine Magnesium 500 ml"},"content":{"rendered":"<p><span style=\"font-weight: 400;\">Anv\u00e4ndning:<\/span><\/p>\n<p><span style=\"font-weight: 400;\">Fukta huden med ljummet vatten och applicera sedan en liten m\u00e4ngd Marine Magnesium p\u00e5 \u00f6nskade delar av kroppen. Massera in tills produkten \u00e4r helt absorberad. Rekommenderas f\u00f6r alla hudtyper. Kan ocks\u00e5 anv\u00e4ndas f\u00f6r remineralisering av badvatten.<\/span><\/p>\n<p><span style=\"font-weight: 400;\">Se Enhanced Relaxing Massage With Magnesium i steg-f\u00f6r-steg-manualen f\u00f6r ytterligare information.<\/span><\/p>\n<p><span style=\"font-weight: 400;\"><em>Notera:<\/em><br \/>\n<\/span><span style=\"font-weight: 400;\">Om en stickande k\u00e4nsla k\u00e4nns efter att Marine Magnesium har applicerats \u00e4r det ett tecken p\u00e5 magnesiumbrist. Denna k\u00e4nsla kommer att avta genom att fukta huden med vatten.<\/span><\/p>\n","protected":false},"excerpt":{"rendered":"<p><strong>Marine Magnesium i salongsf\u00f6rpackning - 500 ml.<\/strong><\/p>\n<p><span style=\"font-weight: 400;\">Ta itu med hud- och muskelsensitivitet, \u00f6mma muskler, obehag i lederna, kramper, sm\u00e4rta, inflammation, stress, tr\u00f6tthet, uttorkning och grov hud! Marine Magnesium minskar muskelsp\u00e4nningar och stelhet, minskar sm\u00e4rta, v\u00e4rk och k\u00e4nslighet och lindrar obehag i lederna.<\/span><\/p>\n<p><span style=\"font-weight: 400;\">Passar alla alla med kroppssm\u00e4rta, v\u00e4rk, kramper och muskelsp\u00e4nningar.<\/span><\/p>\n","protected":false},"featured_media":43873,"template":"","meta":[],"product_brand":[],"product_cat":[287,318,296,300],"product_tag":[],"class_list":{"0":"post-43872","1":"product","2":"type-product","3":"status-publish","4":"has-post-thumbnail","6":"product_cat-alla-produkter","7":"product_cat-kropp-professional","8":"product_cat-pevonia-2","9":"product_cat-professional","11":"first","12":"instock","13":"taxable","14":"shipping-taxable","15":"purchasable","16":"product-type-simple"},"shsp-ext":{"main":{},"variations":[]},"_links":{"self":[{"href":"https:\/\/b4k.se\/no\/wp-json\/wp\/v2\/product\/43872","targetHints":{"allow":["GET"]}}],"collection":[{"href":"https:\/\/b4k.se\/no\/wp-json\/wp\/v2\/product"}],"about":[{"href":"https:\/\/b4k.se\/no\/wp-json\/wp\/v2\/types\/product"}],"wp:featuredmedia":[{"embeddable":true,"href":"https:\/\/b4k.se\/no\/wp-json\/wp\/v2\/media\/43873"}],"wp:attachment":[{"href":"https:\/\/b4k.se\/no\/wp-json\/wp\/v2\/media?parent=43872"}],"wp:term":[{"taxonomy":"product_brand","embeddable":true,"href":"https:\/\/b4k.se\/no\/wp-json\/wp\/v2\/product_brand?post=43872"},{"taxonomy":"product_cat","embeddable":true,"href":"https:\/\/b4k.se\/no\/wp-json\/wp\/v2\/product_cat?post=43872"},{"taxonomy":"product_tag","embeddable":true,"href":"https:\/\/b4k.se\/no\/wp-json\/wp\/v2\/product_tag?post=43872"}],"curies":[{"name":"wp","href":"https:\/\/api.w.org\/{rel}","templated":true}]}}