{"id":43865,"date":"2020-08-20T15:00:17","date_gmt":"2020-08-20T13:00:17","guid":{"rendered":"https:\/\/b4k.se\/product\/crepe-no-more-de-aging-body-wrap-1kg\/"},"modified":"2026-03-05T13:39:03","modified_gmt":"2026-03-05T12:39:03","slug":"crepe-no-more-de-aging-body-wrap-1kg","status":"publish","type":"product","link":"https:\/\/b4k.se\/no\/produkt\/crepe-no-more-de-aging-body-wrap-1kg\/","title":{"rendered":"Crepe-No-More De-Aging Body Wrap"},"content":{"rendered":"<p><span style=\"font-weight: 400\">F\u00f6rdelar:<\/span><\/p>\n<ul>\n<li><span style=\"font-weight: 400\"> Anti aging och uppstramande<\/span><\/li>\n<li><span style=\"font-weight: 400\"> Minskar oj\u00e4mnheter och fettansamlingar; j\u00e4mnar ut hudens struktur<\/span><\/li>\n<li><span style=\"font-weight: 400\"> Lipolytisk: j\u00e4mnar ut fettdeformeringar<\/span><\/li>\n<li><span style=\"font-weight: 400\"> \u00c5terfuktar p\u00e5 djupet, ger n\u00e4ring och l\u00e4mnar huden mjuk med lyster<\/span><\/li>\n<\/ul>\n<p><span style=\"font-weight: 400\">Anv\u00e4ndning:<\/span><\/p>\n<p><span style=\"font-weight: 400\">Efter torrborstning, applicera Marine Magnesium p\u00e5 leder och muskler f\u00f6r omedelbar lindring fr\u00e5n \u00f6mhet, stelhet och tr\u00f6tthet (Obs: detta steg \u00e4r valfritt i steg-f\u00f6r-steg-manualen men uppmuntras starkt f\u00f6r en extraordin\u00e4r upplevelse). Applicera sedan denna kroppsinpackning och l\u00e4mna p\u00e5 huden f\u00f6r \u00f6kade f\u00f6rdelar. F\u00f6r ytterligare information se steg-f\u00f6r-steg-manualen.<\/span><\/p>\n<p>&nbsp;<\/p>\n","protected":false},"excerpt":{"rendered":"<p><strong>Crepe-No-More De-Aging Body Wrap - 1kg. Endast professionellt bruk.<\/strong><\/p>\n<p><span style=\"font-weight: 400\">Denna uts\u00f6kta h\u00f6gpresterande kroppsbehandling inneh\u00e5ller en blandning av fr\u00f6extrakt fr\u00e5n longanfrukt, marint kollagen, koffeinextrakt och andra kraftfulla \u00e5ldersbek\u00e4mpande ingredienser inklusive sheasm\u00f6r och hyaluronsyra. Behandlingen motverkar radikalt oj\u00e4mn och f\u00f6rslappad hud, oj\u00e4mn textur och celluliter. Resultatet \u00e4r en hud med lyster som \u00e4r synligt sl\u00e4t, fyllig, uppmjukad och fastare.<\/span><\/p>\n<p><span style=\"font-weight: 400\">Med dess No-Rinse-teknologi absorberas denna antiaging-inpackning helt av huden f\u00f6r \u00f6kade f\u00f6rdelar. Den milj\u00f6medvetna behandlingen sparar vatten eftersom den inte kr\u00e4ver avsk\u00f6ljning.<\/span><\/p>\n","protected":false},"featured_media":43866,"template":"","meta":[],"product_brand":[],"product_cat":[287,318,296,300],"product_tag":[],"class_list":{"0":"post-43865","1":"product","2":"type-product","3":"status-publish","4":"has-post-thumbnail","6":"product_cat-alla-produkter","7":"product_cat-kropp-professional","8":"product_cat-pevonia-2","9":"product_cat-professional","11":"first","12":"outofstock","13":"taxable","14":"shipping-taxable","15":"purchasable","16":"product-type-simple"},"shsp-ext":{"main":{},"variations":[]},"_links":{"self":[{"href":"https:\/\/b4k.se\/no\/wp-json\/wp\/v2\/product\/43865","targetHints":{"allow":["GET"]}}],"collection":[{"href":"https:\/\/b4k.se\/no\/wp-json\/wp\/v2\/product"}],"about":[{"href":"https:\/\/b4k.se\/no\/wp-json\/wp\/v2\/types\/product"}],"wp:featuredmedia":[{"embeddable":true,"href":"https:\/\/b4k.se\/no\/wp-json\/wp\/v2\/media\/43866"}],"wp:attachment":[{"href":"https:\/\/b4k.se\/no\/wp-json\/wp\/v2\/media?parent=43865"}],"wp:term":[{"taxonomy":"product_brand","embeddable":true,"href":"https:\/\/b4k.se\/no\/wp-json\/wp\/v2\/product_brand?post=43865"},{"taxonomy":"product_cat","embeddable":true,"href":"https:\/\/b4k.se\/no\/wp-json\/wp\/v2\/product_cat?post=43865"},{"taxonomy":"product_tag","embeddable":true,"href":"https:\/\/b4k.se\/no\/wp-json\/wp\/v2\/product_tag?post=43865"}],"curies":[{"name":"wp","href":"https:\/\/api.w.org\/{rel}","templated":true}]}}