{"id":43863,"date":"2018-12-18T10:24:16","date_gmt":"2018-12-18T09:24:16","guid":{"rendered":"https:\/\/b4k.se\/product\/micro-emulsified-massage-oil-anti-stress-2\/"},"modified":"2026-04-08T11:27:59","modified_gmt":"2026-04-08T09:27:59","slug":"micro-emulsified-massage-oil-anti-stress-2","status":"publish","type":"product","link":"https:\/\/b4k.se\/no\/produkt\/micro-emulsified-massage-oil-anti-stress-2\/","title":{"rendered":"Micro-emulsified Massage Oil \"anti-stress\""},"content":{"rendered":"<p><span style=\"font-weight: 400;\">Anv\u00e4ndning:<\/span><\/p>\n<p><span style=\"font-weight: 400;\">Anv\u00e4nd vid behov f\u00f6r en avslappnande och f\u00f6rnyande massage genom att applicera en liten m\u00e4ngd p\u00e5 sp\u00e4nningsomr\u00e5den eller \u00f6ver hela kroppen och anv\u00e4nd \u00f6nskat tryck. Hudens egna v\u00e4rme fr\u00e4mjar oljans formula och hj\u00e4lper den att bli allt mer silkeslen.<\/span><\/p>\n<p><span style=\"font-weight: 400;\">Se steg-f\u00f6r-steg-manualen f\u00f6r ytterligare information.<\/span><\/p>\n","protected":false},"excerpt":{"rendered":"<p><strong>Micro-emulsified Massage Oil \"Anti-stress\" i salongsf\u00f6rpackning - 1,9 liter.<\/strong><\/p>\n<p><span style=\"font-weight: 400;\">Ge en avslappnande och avstressande massage med denna uts\u00f6kta, kr\u00e4miga massageolja.<\/span><\/p>\n<p><span style=\"font-weight: 400;\">Micro-Emulsion Massage Oil Anti-Stress l\u00f6ser upp sp\u00e4nning och tr\u00f6tthet n\u00e4r den l\u00e4tt glider p\u00e5 huden. Blandningen av h\u00e4rligt aromatiskt och n\u00e4ringsgivande oljor fr\u00e5n safflor, pelargon och apelsin aktiverar cirkulationen, \u00f6kar elasticiteten och \u00e5terfuktningen samtidigt som den lindrar uttorkning.<\/span><\/p>\n","protected":false},"featured_media":43864,"template":"","meta":[],"product_brand":[],"product_cat":[287,318,296,300],"product_tag":[],"class_list":{"0":"post-43863","1":"product","2":"type-product","3":"status-publish","4":"has-post-thumbnail","6":"product_cat-alla-produkter","7":"product_cat-kropp-professional","8":"product_cat-pevonia-2","9":"product_cat-professional","11":"first","12":"instock","13":"taxable","14":"shipping-taxable","15":"purchasable","16":"product-type-simple"},"shsp-ext":{"main":{},"variations":[]},"_links":{"self":[{"href":"https:\/\/b4k.se\/no\/wp-json\/wp\/v2\/product\/43863","targetHints":{"allow":["GET"]}}],"collection":[{"href":"https:\/\/b4k.se\/no\/wp-json\/wp\/v2\/product"}],"about":[{"href":"https:\/\/b4k.se\/no\/wp-json\/wp\/v2\/types\/product"}],"wp:featuredmedia":[{"embeddable":true,"href":"https:\/\/b4k.se\/no\/wp-json\/wp\/v2\/media\/43864"}],"wp:attachment":[{"href":"https:\/\/b4k.se\/no\/wp-json\/wp\/v2\/media?parent=43863"}],"wp:term":[{"taxonomy":"product_brand","embeddable":true,"href":"https:\/\/b4k.se\/no\/wp-json\/wp\/v2\/product_brand?post=43863"},{"taxonomy":"product_cat","embeddable":true,"href":"https:\/\/b4k.se\/no\/wp-json\/wp\/v2\/product_cat?post=43863"},{"taxonomy":"product_tag","embeddable":true,"href":"https:\/\/b4k.se\/no\/wp-json\/wp\/v2\/product_tag?post=43863"}],"curies":[{"name":"wp","href":"https:\/\/api.w.org\/{rel}","templated":true}]}}