{"id":43857,"date":"2018-12-17T10:34:23","date_gmt":"2018-12-17T09:34:23","guid":{"rendered":"https:\/\/b4k.se\/product\/micronized-algae-powder-body-wrap\/"},"modified":"2026-01-23T11:28:04","modified_gmt":"2026-01-23T10:28:04","slug":"micronized-algae-powder-body-wrap","status":"publish","type":"product","link":"https:\/\/b4k.se\/no\/produkt\/micronized-algae-powder-body-wrap\/","title":{"rendered":"Pevonia Micronized Algae Powder (body wrap) 1 kg"},"content":{"rendered":"<p><span style=\"font-weight: 400;\">Anv\u00e4ndning:<\/span><\/p>\n<p><span style=\"font-weight: 400;\">Se Express Relief Lily Wrap Treatment i steg-f\u00f6r-steg-manualen f\u00f6r ytterligare information.<\/span><\/p>\n","protected":false},"excerpt":{"rendered":"<p><strong>Micronized Algae Powder (Body wrap) - 1 kg. Endast professionellt bruk.<\/strong><\/p>\n<p><span style=\"font-weight: 400;\">Mikronisering av naturliga alger \u00e4r en teknisk procedur som pulveriserar algerna till ett extremt fint pulver (en till tre mikron i storlek). Detta m\u00f6jligg\u00f6r en enkel och perfekt utsp\u00e4dning av alger i vatten, vilket frig\u00f6r det h\u00f6ga inneh\u00e5llet av aktiva ingredienser f\u00f6r de mest effektiva och naturliga behandlingarna. Behandlingen<\/span><span style=\"font-weight: 400;\"> hj\u00e4lper till att eliminera toxiner, stimulera hudens \u00e4mnesoms\u00e4ttning och j\u00e4mna ut cellulitansamlingar. Det mikroniserade algpulvret (kroppsinpackningen) \u00e4r en blandning av Laminaria Digitata och Fucus Vesiculosus.<\/span><\/p>\n<p><span style=\"font-weight: 400;\">Rekommenderas f\u00f6r alla hudtyper.<\/span><\/p>\n","protected":false},"featured_media":43859,"template":"","meta":[],"product_brand":[],"product_cat":[287,318,296,300],"product_tag":[],"class_list":{"0":"post-43857","1":"product","2":"type-product","3":"status-publish","4":"has-post-thumbnail","6":"product_cat-alla-produkter","7":"product_cat-kropp-professional","8":"product_cat-pevonia-2","9":"product_cat-professional","11":"first","12":"instock","13":"taxable","14":"shipping-taxable","15":"purchasable","16":"product-type-simple"},"shsp-ext":{"main":{},"variations":[]},"_links":{"self":[{"href":"https:\/\/b4k.se\/no\/wp-json\/wp\/v2\/product\/43857","targetHints":{"allow":["GET"]}}],"collection":[{"href":"https:\/\/b4k.se\/no\/wp-json\/wp\/v2\/product"}],"about":[{"href":"https:\/\/b4k.se\/no\/wp-json\/wp\/v2\/types\/product"}],"wp:featuredmedia":[{"embeddable":true,"href":"https:\/\/b4k.se\/no\/wp-json\/wp\/v2\/media\/43859"}],"wp:attachment":[{"href":"https:\/\/b4k.se\/no\/wp-json\/wp\/v2\/media?parent=43857"}],"wp:term":[{"taxonomy":"product_brand","embeddable":true,"href":"https:\/\/b4k.se\/no\/wp-json\/wp\/v2\/product_brand?post=43857"},{"taxonomy":"product_cat","embeddable":true,"href":"https:\/\/b4k.se\/no\/wp-json\/wp\/v2\/product_cat?post=43857"},{"taxonomy":"product_tag","embeddable":true,"href":"https:\/\/b4k.se\/no\/wp-json\/wp\/v2\/product_tag?post=43857"}],"curies":[{"name":"wp","href":"https:\/\/api.w.org\/{rel}","templated":true}]}}