{"id":43853,"date":"2024-04-10T10:50:25","date_gmt":"2024-04-10T08:50:25","guid":{"rendered":"https:\/\/b4k.se\/product\/preserve-body-moisturizer-500ml\/"},"modified":"2026-04-08T11:27:39","modified_gmt":"2026-04-08T09:27:39","slug":"preserve-body-moisturizer-500ml","status":"publish","type":"product","link":"https:\/\/b4k.se\/no\/produkt\/preserve-body-moisturizer-500ml\/","title":{"rendered":"Preserve Body Moisturizer"},"content":{"rendered":"<p><span style=\"font-weight: 400;\">Anv\u00e4ndning:<\/span><\/p>\n<p><span style=\"font-weight: 400;\">Applicera \u00f6ver hela kroppen efter behandling, dusch, bad eller n\u00e4r som helst. Massera in kr\u00e4men tills den absorberas. Passar alla hudtyper.<\/span><\/p>\n<p><span style=\"font-weight: 400;\">Se steg-f\u00f6r-steg-manualen f\u00f6r ytterligare information.<\/span><\/p>\n","protected":false},"excerpt":{"rendered":"<p><strong>Preserve Body Moisturizer i salongsf\u00f6rpackning - 500 ml.<\/strong><\/p>\n<p><span style=\"font-weight: 400;\">Beh\u00e5ll en ungdomlig kropp med denna kr\u00e4miga, l\u00e4ttexturerade, snabbt absorberade, \u00e5terupplivande fuktkr\u00e4m f\u00f6r kroppen. <\/span><span style=\"font-weight: 400;\">Preserve body moisturizer ger sl\u00e4thet, \u00e5terfuktning, n\u00e4ring, reparering och en mjukare hudtextur.<\/span><\/p>\n<p><span style=\"font-weight: 400;\">Rekommenderas till alla hudtyper, s\u00e4rskilt de med torr, grov, fj\u00e4llig hud som f\u00f6redrar en l\u00e4tt och kr\u00e4mig fuktkr\u00e4m som absorberas snabbt.<\/span><\/p>\n","protected":false},"featured_media":43854,"template":"","meta":[],"product_brand":[],"product_cat":[287,318,296,300],"product_tag":[],"class_list":{"0":"post-43853","1":"product","2":"type-product","3":"status-publish","4":"has-post-thumbnail","6":"product_cat-alla-produkter","7":"product_cat-kropp-professional","8":"product_cat-pevonia-2","9":"product_cat-professional","11":"first","12":"instock","13":"taxable","14":"shipping-taxable","15":"purchasable","16":"product-type-simple"},"shsp-ext":{"main":{},"variations":[]},"_links":{"self":[{"href":"https:\/\/b4k.se\/no\/wp-json\/wp\/v2\/product\/43853","targetHints":{"allow":["GET"]}}],"collection":[{"href":"https:\/\/b4k.se\/no\/wp-json\/wp\/v2\/product"}],"about":[{"href":"https:\/\/b4k.se\/no\/wp-json\/wp\/v2\/types\/product"}],"wp:featuredmedia":[{"embeddable":true,"href":"https:\/\/b4k.se\/no\/wp-json\/wp\/v2\/media\/43854"}],"wp:attachment":[{"href":"https:\/\/b4k.se\/no\/wp-json\/wp\/v2\/media?parent=43853"}],"wp:term":[{"taxonomy":"product_brand","embeddable":true,"href":"https:\/\/b4k.se\/no\/wp-json\/wp\/v2\/product_brand?post=43853"},{"taxonomy":"product_cat","embeddable":true,"href":"https:\/\/b4k.se\/no\/wp-json\/wp\/v2\/product_cat?post=43853"},{"taxonomy":"product_tag","embeddable":true,"href":"https:\/\/b4k.se\/no\/wp-json\/wp\/v2\/product_tag?post=43853"}],"curies":[{"name":"wp","href":"https:\/\/api.w.org\/{rel}","templated":true}]}}