{"id":43850,"date":"2018-12-17T10:25:58","date_gmt":"2018-12-17T09:25:58","guid":{"rendered":"https:\/\/b4k.se\/product\/dry-oil-body-moisturizer-2\/"},"modified":"2026-02-09T14:41:06","modified_gmt":"2026-02-09T13:41:06","slug":"dry-oil-body-moisturizer-2","status":"publish","type":"product","link":"https:\/\/b4k.se\/no\/produkt\/dry-oil-body-moisturizer-2\/","title":{"rendered":"Dry Oil Body Moisturizer"},"content":{"rendered":"<p><span style=\"font-weight: 400;\">Anv\u00e4ndning:<\/span><\/p>\n<p><span style=\"font-weight: 400;\">Applicera \u00f6ver hela kroppen efter behandling, dusch eller bad. Massera f\u00f6rsiktigt in tills den absorberats. F\u00f6r alla hudtyper.<\/span><\/p>\n","protected":false},"excerpt":{"rendered":"<p><strong>Dry Oil Body Moisturizer i salongsf\u00f6rpackning - 500 ml.<\/strong><\/p>\n<p><span style=\"font-weight: 400;\">Sk\u00e4m bort huden med aromatisk h\u00e4rlighet utan att k\u00e4nna sig oljig eller fettig med denna l\u00e4ttanv\u00e4nda och snabbt absorberande fuktkr\u00e4m.<\/span><\/p>\n<p><span style=\"font-weight: 400;\">Dry Oil Body Moisturizer revitaliserar, ger n\u00e4ring, lugnar, l\u00e4ker och \u00e5terfuktar kroppen.<\/span><\/p>\n","protected":false},"featured_media":43852,"template":"","meta":[],"product_brand":[],"product_cat":[287,318,296,300],"product_tag":[],"class_list":{"0":"post-43850","1":"product","2":"type-product","3":"status-publish","4":"has-post-thumbnail","6":"product_cat-alla-produkter","7":"product_cat-kropp-professional","8":"product_cat-pevonia-2","9":"product_cat-professional","11":"first","12":"instock","13":"taxable","14":"shipping-taxable","15":"purchasable","16":"product-type-simple"},"shsp-ext":{"main":{},"variations":[]},"_links":{"self":[{"href":"https:\/\/b4k.se\/no\/wp-json\/wp\/v2\/product\/43850","targetHints":{"allow":["GET"]}}],"collection":[{"href":"https:\/\/b4k.se\/no\/wp-json\/wp\/v2\/product"}],"about":[{"href":"https:\/\/b4k.se\/no\/wp-json\/wp\/v2\/types\/product"}],"wp:featuredmedia":[{"embeddable":true,"href":"https:\/\/b4k.se\/no\/wp-json\/wp\/v2\/media\/43852"}],"wp:attachment":[{"href":"https:\/\/b4k.se\/no\/wp-json\/wp\/v2\/media?parent=43850"}],"wp:term":[{"taxonomy":"product_brand","embeddable":true,"href":"https:\/\/b4k.se\/no\/wp-json\/wp\/v2\/product_brand?post=43850"},{"taxonomy":"product_cat","embeddable":true,"href":"https:\/\/b4k.se\/no\/wp-json\/wp\/v2\/product_cat?post=43850"},{"taxonomy":"product_tag","embeddable":true,"href":"https:\/\/b4k.se\/no\/wp-json\/wp\/v2\/product_tag?post=43850"}],"curies":[{"name":"wp","href":"https:\/\/api.w.org\/{rel}","templated":true}]}}