{"id":43848,"date":"2018-12-17T10:20:34","date_gmt":"2018-12-17T09:20:34","guid":{"rendered":"https:\/\/b4k.se\/product\/creme-fraiche-body-wrap-papaya-pineapple\/"},"modified":"2026-03-27T13:23:18","modified_gmt":"2026-03-27T12:23:18","slug":"creme-fraiche-body-wrap-papaya-pineapple","status":"publish","type":"product","link":"https:\/\/b4k.se\/no\/produkt\/creme-fraiche-body-wrap-papaya-pineapple\/","title":{"rendered":"Creme Fraiche Body Wrap Papaya Pineapple"},"content":{"rendered":"<p><span style=\"font-weight: 400\">Anv\u00e4ndning:<\/span><\/p>\n<p><span style=\"font-weight: 400\">Se tillv\u00e4gag\u00e5ngss\u00e4tt i steg-f\u00f6r-steg-manualen f\u00f6r De-Aging Papaya-Pineapple Cr\u00e8me Fra\u00eeche Body Wrap Treatment.<\/span><\/p>\n","protected":false},"excerpt":{"rendered":"<p><span style=\"font-weight: 400\">Denna kroppsinpackning med papaya och ananas \u00e4r berikad med naturligt Cr\u00e8me Fra\u00eeche-sm\u00f6r, kalcium, vitamin A, granat\u00e4ppleextrakt och andra \u00e5ldringsbek\u00e4mpande ingredienser s\u00e5 som rynkutj\u00e4mnande kollagenpolypeptider och uppstramande elastinpolypeptider.<\/span><\/p>\n<p><span style=\"font-weight: 400\">Den l\u00e4ckra Cr\u00e8me Fra\u00eeche-formulan appliceras \u00f6ver hela kroppen f\u00f6r en h\u00e4rlig sensorisk upplevelse. Samtidigt som man omsluts av doften av vanilj och lockande tropiska frukter s\u00e5 f\u00e5r huden n\u00e4ring p\u00e5 djupet, f\u00f6ryngras och kvar avsl\u00f6jas ett h\u00e4pnadsv\u00e4ckande mer ungdomligt utseende.<\/span><\/p>\n","protected":false},"featured_media":43849,"template":"","meta":[],"product_brand":[],"product_cat":[287,318,296,300],"product_tag":[],"class_list":{"0":"post-43848","1":"product","2":"type-product","3":"status-publish","4":"has-post-thumbnail","6":"product_cat-alla-produkter","7":"product_cat-kropp-professional","8":"product_cat-pevonia-2","9":"product_cat-professional","11":"first","12":"instock","13":"taxable","14":"shipping-taxable","15":"purchasable","16":"product-type-simple"},"shsp-ext":{"main":{},"variations":[]},"_links":{"self":[{"href":"https:\/\/b4k.se\/no\/wp-json\/wp\/v2\/product\/43848","targetHints":{"allow":["GET"]}}],"collection":[{"href":"https:\/\/b4k.se\/no\/wp-json\/wp\/v2\/product"}],"about":[{"href":"https:\/\/b4k.se\/no\/wp-json\/wp\/v2\/types\/product"}],"wp:featuredmedia":[{"embeddable":true,"href":"https:\/\/b4k.se\/no\/wp-json\/wp\/v2\/media\/43849"}],"wp:attachment":[{"href":"https:\/\/b4k.se\/no\/wp-json\/wp\/v2\/media?parent=43848"}],"wp:term":[{"taxonomy":"product_brand","embeddable":true,"href":"https:\/\/b4k.se\/no\/wp-json\/wp\/v2\/product_brand?post=43848"},{"taxonomy":"product_cat","embeddable":true,"href":"https:\/\/b4k.se\/no\/wp-json\/wp\/v2\/product_cat?post=43848"},{"taxonomy":"product_tag","embeddable":true,"href":"https:\/\/b4k.se\/no\/wp-json\/wp\/v2\/product_tag?post=43848"}],"curies":[{"name":"wp","href":"https:\/\/api.w.org\/{rel}","templated":true}]}}