{"id":43844,"date":"2018-12-17T10:09:49","date_gmt":"2018-12-17T09:09:49","guid":{"rendered":"https:\/\/b4k.se\/product\/de-aging-saltmousse-papaya-pineapple\/"},"modified":"2026-04-13T17:07:54","modified_gmt":"2026-04-13T15:07:54","slug":"de-aging-saltmousse-papaya-pineapple","status":"publish","type":"product","link":"https:\/\/b4k.se\/no\/produkt\/de-aging-saltmousse-papaya-pineapple\/","title":{"rendered":"De-aging Saltmousse Papaya &amp; Pineapple"},"content":{"rendered":"<p><span style=\"font-weight: 400\">Anv\u00e4ndning:<\/span><\/p>\n<p><span style=\"font-weight: 400\">Massera in saltmoussen p\u00e5 v\u00e5t hud, fokusera p\u00e5 grova omr\u00e5den (armb\u00e5gar, kn\u00e4n, h\u00e4lar). Tills\u00e4tt mer vatten under hela skrubbningsprocessen f\u00f6r ett optimalt skum. F\u00f6lj upp med De-Aging Body Balm\u00ae Papaya-Pineapple. F\u00f6r alla hudtyper efter behov.<\/span><\/p>\n","protected":false},"excerpt":{"rendered":"<p><span style=\"font-weight: 400\">Ta bort orenheter och gifter genom att skonsamt polera huden med denna sulfatfria, fluffiga, skummande saltskrubb.<\/span><\/p>\n<p><span style=\"font-weight: 400\">De-aging Saltmousse rensar bort orenheter och exfolierar skonsamt bort grov, oj\u00e4mn hudtextur samt balanserar, \u00e5terfuktar, mjukg\u00f6r och ger n\u00e4ring \u00e5t kroppen.<\/span><\/p>\n<p><span style=\"font-weight: 400\">Passar alla som \u00f6nskar en anti-agingverkande tropisk kroppsskrubb f\u00f6r att sl\u00e4ta ut och ge klarhet till huden.<\/span><\/p>\n","protected":false},"featured_media":43845,"template":"","meta":[],"product_brand":[],"product_cat":[287,318,296,300],"product_tag":[],"class_list":{"0":"post-43844","1":"product","2":"type-product","3":"status-publish","4":"has-post-thumbnail","6":"product_cat-alla-produkter","7":"product_cat-kropp-professional","8":"product_cat-pevonia-2","9":"product_cat-professional","11":"first","12":"outofstock","13":"taxable","14":"shipping-taxable","15":"purchasable","16":"product-type-simple"},"shsp-ext":{"main":{},"variations":[]},"_links":{"self":[{"href":"https:\/\/b4k.se\/no\/wp-json\/wp\/v2\/product\/43844","targetHints":{"allow":["GET"]}}],"collection":[{"href":"https:\/\/b4k.se\/no\/wp-json\/wp\/v2\/product"}],"about":[{"href":"https:\/\/b4k.se\/no\/wp-json\/wp\/v2\/types\/product"}],"wp:featuredmedia":[{"embeddable":true,"href":"https:\/\/b4k.se\/no\/wp-json\/wp\/v2\/media\/43845"}],"wp:attachment":[{"href":"https:\/\/b4k.se\/no\/wp-json\/wp\/v2\/media?parent=43844"}],"wp:term":[{"taxonomy":"product_brand","embeddable":true,"href":"https:\/\/b4k.se\/no\/wp-json\/wp\/v2\/product_brand?post=43844"},{"taxonomy":"product_cat","embeddable":true,"href":"https:\/\/b4k.se\/no\/wp-json\/wp\/v2\/product_cat?post=43844"},{"taxonomy":"product_tag","embeddable":true,"href":"https:\/\/b4k.se\/no\/wp-json\/wp\/v2\/product_tag?post=43844"}],"curies":[{"name":"wp","href":"https:\/\/api.w.org\/{rel}","templated":true}]}}