{"id":43834,"date":"2023-01-23T14:04:13","date_gmt":"2023-01-23T13:04:13","guid":{"rendered":"https:\/\/b4k.se\/product\/clear-control-mask-100g-3-4oz\/"},"modified":"2026-04-08T11:27:47","modified_gmt":"2026-04-08T09:27:47","slug":"clear-control-mask-100g-3-4oz","status":"publish","type":"product","link":"https:\/\/b4k.se\/no\/produkt\/clear-control-mask-100g-3-4oz\/","title":{"rendered":"Clear- Control Mask"},"content":{"rendered":"<p><strong>Anv\u00e4ndning:<\/strong><\/p>\n<p>Efter reng\u00f6ring med Clear-Control Exfoliator, applicera ett tunt lager av denna Clear-Control Mask p\u00e5 ansikte och hals en liten bit fr\u00e5n \u00f6gonen. L\u00e5t verka i 15 minuter. Sk\u00f6lj av med kallt vatten.<\/p>\n","protected":false},"excerpt":{"rendered":"<p><strong>ProCorrective Clear-Control Mask i salongsf\u00f6rpackning p\u00e5 100 ml.<\/strong><\/p>\n<p>En unik formulering som ger optimala resultat till akneben\u00e4gen hud. Denna mask \u00e4r mycket antiseptisk och f\u00f6rser huden med Tea Tree-olja och rosmarinextrakt f\u00f6r att effektivt kontrollera bakterietillv\u00e4xten, samt Niacinamid f\u00f6r att st\u00f6dja bortf\u00f6rsel av toxiner genom f\u00f6rb\u00e4ttrad cirkulation och syres\u00e4ttning.<\/p>\n<p>Kan anv\u00e4ndas under professionella behandling. Passar alla med akne och akneben\u00e4gna hudtyper med finnar och pormaskar.<\/p>\n","protected":false},"featured_media":43835,"template":"","meta":[],"product_brand":[],"product_cat":[287,301,296,300],"product_tag":[],"class_list":{"0":"post-43834","1":"product","2":"type-product","3":"status-publish","4":"has-post-thumbnail","6":"product_cat-alla-produkter","7":"product_cat-ansikte-professional","8":"product_cat-pevonia-2","9":"product_cat-professional","11":"first","12":"instock","13":"taxable","14":"shipping-taxable","15":"purchasable","16":"product-type-simple"},"shsp-ext":{"main":{},"variations":[]},"_links":{"self":[{"href":"https:\/\/b4k.se\/no\/wp-json\/wp\/v2\/product\/43834","targetHints":{"allow":["GET"]}}],"collection":[{"href":"https:\/\/b4k.se\/no\/wp-json\/wp\/v2\/product"}],"about":[{"href":"https:\/\/b4k.se\/no\/wp-json\/wp\/v2\/types\/product"}],"wp:featuredmedia":[{"embeddable":true,"href":"https:\/\/b4k.se\/no\/wp-json\/wp\/v2\/media\/43835"}],"wp:attachment":[{"href":"https:\/\/b4k.se\/no\/wp-json\/wp\/v2\/media?parent=43834"}],"wp:term":[{"taxonomy":"product_brand","embeddable":true,"href":"https:\/\/b4k.se\/no\/wp-json\/wp\/v2\/product_brand?post=43834"},{"taxonomy":"product_cat","embeddable":true,"href":"https:\/\/b4k.se\/no\/wp-json\/wp\/v2\/product_cat?post=43834"},{"taxonomy":"product_tag","embeddable":true,"href":"https:\/\/b4k.se\/no\/wp-json\/wp\/v2\/product_tag?post=43834"}],"curies":[{"name":"wp","href":"https:\/\/api.w.org\/{rel}","templated":true}]}}