{"id":43829,"date":"2023-03-29T11:48:43","date_gmt":"2023-03-29T09:48:43","guid":{"rendered":"https:\/\/b4k.se\/product\/collagen-retinol-lip-treatment\/"},"modified":"2026-01-23T11:07:32","modified_gmt":"2026-01-23T10:07:32","slug":"collagen-retinol-lip-treatment","status":"publish","type":"product","link":"https:\/\/b4k.se\/no\/produkt\/collagen-retinol-lip-treatment\/","title":{"rendered":"Pevonia Micro-Retinol Collagen and Retinol Lip Treatment *5"},"content":{"rendered":"<p>Micro-Retinol\u00ae \u200bCollagen &amp; Retinol Lip Repair\u200b: 5 behandlingar\u200b f\u00f6r professionellt bruk.<\/p>\n<p>F\u00f6rpackningen inneh\u00e5ller:\u200b<\/p>\n<ul>\n<li>5 st Collagen &amp; Retinol \u200bfibermasker\u200b<\/li>\n<li>1 st Micro-Retinol\u00ae Essential Serum bottle<\/li>\n<\/ul>\n<p><strong>Anv\u00e4ndning:<\/strong><\/p>\n<p>Se behandlingens Step-by-Step guide.\u200b Endast f\u00f6r professionellt bruk.<\/p>\n","protected":false},"excerpt":{"rendered":"<p>Micro-Retinol\u00ae Collagen &amp; Retinol Lip Repair - 5 behandlingar f\u00f6r professionellt bruk.<\/p>\n<p>Denna behandling f\u00f6rser l\u00e4pparna och l\u00e4ppomr\u00e5det med h\u00f6gkoncentrerat Micro-Retinol\u00ae, fukt fr\u00e5n algoligosackarider och marint kollagen. Behandlingen j\u00e4mnar synbart ut l\u00e4pplinjer och rynkor samtidigt som torra l\u00e4ppar dr\u00e4nks i fukt och l\u00e4ppkonturen blir mer definierad. Passar de som vill ha minskade linjer, rynkor, str\u00e4vhet och de som saknar volym p\u00e5 och runt l\u00e4ppkonturen.<\/p>\n<p>Rekommenderas f\u00f6r alla l\u00e4ppar och l\u00e4ppkonturer, speciellt torra, uttorkade och mogna hudtyper med synliga linjer och rynkor. Idealisk f\u00f6r r\u00f6kare och solskadad hud. Ej f\u00f6r \u00f6verk\u00e4nslig hud.<\/p>\n","protected":false},"featured_media":43830,"template":"","meta":[],"product_brand":[],"product_cat":[287,301,296,300],"product_tag":[],"class_list":{"0":"post-43829","1":"product","2":"type-product","3":"status-publish","4":"has-post-thumbnail","6":"product_cat-alla-produkter","7":"product_cat-ansikte-professional","8":"product_cat-pevonia-2","9":"product_cat-professional","11":"first","12":"instock","13":"taxable","14":"shipping-taxable","15":"purchasable","16":"product-type-simple"},"shsp-ext":{"main":{},"variations":[]},"_links":{"self":[{"href":"https:\/\/b4k.se\/no\/wp-json\/wp\/v2\/product\/43829","targetHints":{"allow":["GET"]}}],"collection":[{"href":"https:\/\/b4k.se\/no\/wp-json\/wp\/v2\/product"}],"about":[{"href":"https:\/\/b4k.se\/no\/wp-json\/wp\/v2\/types\/product"}],"wp:featuredmedia":[{"embeddable":true,"href":"https:\/\/b4k.se\/no\/wp-json\/wp\/v2\/media\/43830"}],"wp:attachment":[{"href":"https:\/\/b4k.se\/no\/wp-json\/wp\/v2\/media?parent=43829"}],"wp:term":[{"taxonomy":"product_brand","embeddable":true,"href":"https:\/\/b4k.se\/no\/wp-json\/wp\/v2\/product_brand?post=43829"},{"taxonomy":"product_cat","embeddable":true,"href":"https:\/\/b4k.se\/no\/wp-json\/wp\/v2\/product_cat?post=43829"},{"taxonomy":"product_tag","embeddable":true,"href":"https:\/\/b4k.se\/no\/wp-json\/wp\/v2\/product_tag?post=43829"}],"curies":[{"name":"wp","href":"https:\/\/api.w.org\/{rel}","templated":true}]}}