{"id":43826,"date":"2018-12-17T09:58:06","date_gmt":"2018-12-17T08:58:06","guid":{"rendered":"https:\/\/b4k.se\/product\/micro-retinol-behandlings-pakk-essential-kits-x5peel-serum-mask\/"},"modified":"2026-03-02T14:14:32","modified_gmt":"2026-03-02T13:14:32","slug":"micro-retinol-behandlings-pakk-essential-kits-x5peel-serum-mask","status":"publish","type":"product","link":"https:\/\/b4k.se\/no\/produkt\/micro-retinol-behandlings-pakk-essential-kits-x5peel-serum-mask\/","title":{"rendered":"MICRO RETINOL BEHANDLING x5"},"content":{"rendered":"<p>F\u00f6rpackning med 5 behandlingar av Micro-Retinol Treatment. I varje behandling ing\u00e5r peeling, serum och mask.<\/p>\n<p>F\u00f6rdelar:<\/p>\n<ul>\n<li>Motverkar \u00e5ldrande och \u00e5terfuktar<\/li>\n<li>Sl\u00e4tar ut och \u00e5terupplivar<\/li>\n<li>St\u00e4rker elasticiteten<\/li>\n<li>Ger uppljusning och klarhet<\/li>\n<li>Ger synbart perfekterad textur<\/li>\n<\/ul>\n<p>Anv\u00e4ndning:<\/p>\n<p>F\u00f6lj steg-f\u00f6r-steg-manualen f\u00f6r Micro-Retinol Treatment.<\/p>\n","protected":false},"excerpt":{"rendered":"<p><strong>F\u00f6rpackning med 5 behandlingar av Micro-Retinol Treatment. I varje behandling ing\u00e5r peeling, serum och mask.<\/strong><\/p>\n<p>Behandling f\u00f6r djup raffinering och \u00e5teruppbyggnad av \u00e5ldrande hud eller oj\u00e4mn hudstruktur.<\/p>\n<p>Pevonias exklusiva Micro-Retinol\u00ae-teknik \u00f6vertr\u00e4ffar l\u00e5ngt alla tillverkningsutmaningar och begr\u00e4nsningar som \u00e4r f\u00f6rknippade med retinol. Pevonias Micro-Retinol\u00ae \u00e4r en mikroniserad emulsion av retinol. Denna helt exklusiva Micro-Retinol\u00ae-teknik sprider sm\u00e5 retinolmikropartiklar i huden. Micro-Retinol\u00ae fungerar som ett snabbare leveranssystem och m\u00f6jligg\u00f6r omedelbar och enkel absorption samt riktad leverans inom de djupare epidermala skikten, vilket snabbt \u00e5terstabiliserar hudens normala funktion. Retinol betraktas som hudorganiserare och fungerar f\u00f6r att ge basalcellerna energi och \u00e5terst\u00e4lla deras normala aktivitet.<\/p>\n<p>Rekommenderas f\u00f6r gl\u00e5mig, mogen och oj\u00e4mn hudstruktur.<\/p>\n","protected":false},"featured_media":43828,"template":"","meta":[],"product_brand":[],"product_cat":[287,301,296,300],"product_tag":[],"class_list":{"0":"post-43826","1":"product","2":"type-product","3":"status-publish","4":"has-post-thumbnail","6":"product_cat-alla-produkter","7":"product_cat-ansikte-professional","8":"product_cat-pevonia-2","9":"product_cat-professional","11":"first","12":"outofstock","13":"taxable","14":"shipping-taxable","15":"purchasable","16":"product-type-simple"},"shsp-ext":{"main":{},"variations":[]},"_links":{"self":[{"href":"https:\/\/b4k.se\/no\/wp-json\/wp\/v2\/product\/43826","targetHints":{"allow":["GET"]}}],"collection":[{"href":"https:\/\/b4k.se\/no\/wp-json\/wp\/v2\/product"}],"about":[{"href":"https:\/\/b4k.se\/no\/wp-json\/wp\/v2\/types\/product"}],"wp:featuredmedia":[{"embeddable":true,"href":"https:\/\/b4k.se\/no\/wp-json\/wp\/v2\/media\/43828"}],"wp:attachment":[{"href":"https:\/\/b4k.se\/no\/wp-json\/wp\/v2\/media?parent=43826"}],"wp:term":[{"taxonomy":"product_brand","embeddable":true,"href":"https:\/\/b4k.se\/no\/wp-json\/wp\/v2\/product_brand?post=43826"},{"taxonomy":"product_cat","embeddable":true,"href":"https:\/\/b4k.se\/no\/wp-json\/wp\/v2\/product_cat?post=43826"},{"taxonomy":"product_tag","embeddable":true,"href":"https:\/\/b4k.se\/no\/wp-json\/wp\/v2\/product_tag?post=43826"}],"curies":[{"name":"wp","href":"https:\/\/api.w.org\/{rel}","templated":true}]}}