{"id":43824,"date":"2020-08-20T15:04:56","date_gmt":"2020-08-20T13:04:56","guid":{"rendered":"https:\/\/b4k.se\/product\/lumafirm-body-wrap-1kg\/"},"modified":"2026-01-23T11:04:00","modified_gmt":"2026-01-23T10:04:00","slug":"lumafirm-body-wrap-1kg","status":"publish","type":"product","link":"https:\/\/b4k.se\/no\/produkt\/lumafirm-body-wrap-1kg\/","title":{"rendered":"Pevonia Lumafirm Body Wrap 1 kg"},"content":{"rendered":"<p><span style=\"font-weight: 400;\">Anv\u00e4ndning:<\/span><\/p>\n<p><span style=\"font-weight: 400;\">B\u00e4r gummihandskar och applicera Lumafirm\u00ae Body Wrap - Firm &amp; Glow efter behov \u00f6ver hela kroppen eller p\u00e5 lokala problemomr\u00e5den. Linda in kunden med ett plastark och se till att det f\u00e4ster helt p\u00e5 huden. H\u00e5ll kunden insvept i 15 minuter. OBS: Anv\u00e4nd inte en v\u00e4rmefilt. L\u00e5t kunden sedan sk\u00f6lja av sig under dusch med ljummet vatten. Handdukstorka. Om en dusch inte finns tillg\u00e4nglig, torka bort \u00f6verfl\u00f6dig inpackning med en ljummen bl\u00f6t handduk.<\/span><\/p>\n<p><span style=\"font-weight: 400;\">Se Lumafirm\u00ae Body Firm &amp; Glow Treatment i steg-f\u00f6r-steg-manualen f\u00f6r ytterligare information.<\/span><\/p>\n","protected":false},"excerpt":{"rendered":"<p><strong>Lumafirm\u00ae Body Wrap \u2013 Firm &amp; Glow - 1 kg. Endast professionellt bruk.<\/strong><\/p>\n<p><span style=\"font-weight: 400;\">Lumafirm\u00ae Body Wrap - Firm &amp; Glow \u00e4r en kr\u00e4mig blandning som inneh\u00e5ller bevisat effektiva Sorghum-, Elastin- och Kollagenextrakt f\u00f6r suver\u00e4na och snabba uppstramande och tonande effekter, s\u00e4rskilt p\u00e5 \u00e5ldrande hud. F\u00f6r att f\u00f6rb\u00e4ttra f\u00f6rdelarna och hudens \u00f6vergripande v\u00e4lbefinnande ger denna kraftfulla f\u00f6ryngrande blandning den djupt \u00e5terfuktande effekten fr\u00e5n hyaluronsyra, de lystergivande och n\u00e4ringsgivande f\u00f6rdelarna fr\u00e5n Kombucha-extrakt och den skyddande effekten fr\u00e5n C-vitamin och citronverbena-antioxidanter. Resultatet blir ett mer ungdomligt utseende \u00e5t kroppen.<\/span><\/p>\n<p><span style=\"font-weight: 400;\">Idealisk som en uppljusande och uppstramande kroppsinpackning f\u00f6r alla hudtyper.<\/span><\/p>\n","protected":false},"featured_media":43825,"template":"","meta":[],"product_brand":[],"product_cat":[287,318,296,300],"product_tag":[],"class_list":{"0":"post-43824","1":"product","2":"type-product","3":"status-publish","4":"has-post-thumbnail","6":"product_cat-alla-produkter","7":"product_cat-kropp-professional","8":"product_cat-pevonia-2","9":"product_cat-professional","11":"first","12":"instock","13":"taxable","14":"shipping-taxable","15":"purchasable","16":"product-type-simple"},"shsp-ext":{"main":{},"variations":[]},"_links":{"self":[{"href":"https:\/\/b4k.se\/no\/wp-json\/wp\/v2\/product\/43824","targetHints":{"allow":["GET"]}}],"collection":[{"href":"https:\/\/b4k.se\/no\/wp-json\/wp\/v2\/product"}],"about":[{"href":"https:\/\/b4k.se\/no\/wp-json\/wp\/v2\/types\/product"}],"wp:featuredmedia":[{"embeddable":true,"href":"https:\/\/b4k.se\/no\/wp-json\/wp\/v2\/media\/43825"}],"wp:attachment":[{"href":"https:\/\/b4k.se\/no\/wp-json\/wp\/v2\/media?parent=43824"}],"wp:term":[{"taxonomy":"product_brand","embeddable":true,"href":"https:\/\/b4k.se\/no\/wp-json\/wp\/v2\/product_brand?post=43824"},{"taxonomy":"product_cat","embeddable":true,"href":"https:\/\/b4k.se\/no\/wp-json\/wp\/v2\/product_cat?post=43824"},{"taxonomy":"product_tag","embeddable":true,"href":"https:\/\/b4k.se\/no\/wp-json\/wp\/v2\/product_tag?post=43824"}],"curies":[{"name":"wp","href":"https:\/\/api.w.org\/{rel}","templated":true}]}}