{"id":43818,"date":"2023-07-07T11:59:03","date_gmt":"2023-07-07T09:59:03","guid":{"rendered":"https:\/\/b4k.se\/product\/lumafirm-body-moisturizer-500-ml\/"},"modified":"2026-01-23T11:00:29","modified_gmt":"2026-01-23T10:00:29","slug":"lumafirm-body-moisturizer-500-ml","status":"publish","type":"product","link":"https:\/\/b4k.se\/no\/produkt\/lumafirm-body-moisturizer-500-ml\/","title":{"rendered":"Pevonia Lumafirm Body Moisturizer 500 ml"},"content":{"rendered":"<p><span style=\"font-weight: 400;\">Anv\u00e4ndning:<\/span><\/p>\n<p><span style=\"font-weight: 400;\">Applicera \u00f6ver hela kroppen efter dusch, bad eller n\u00e4r som helst. Massera in tills det absorberas. Rekommenderas f\u00f6r alla hudtyper.<\/span><\/p>\n","protected":false},"excerpt":{"rendered":"<p><strong>Lumafirm Body Moisturizer i salongsf\u00f6rpackning - 500 ml. Endast professionellt bruk. <\/strong><\/p>\n<p>En reparerande kroppslotion som ger fasthet och j\u00e4mnare hudton. Lumafirm Body Moisturizer f\u00f6rhindrar och korrigerar l\u00f6s och slapp hud samt ljusar upp hudtonen och hyperpigmenteringar p\u00e5 kroppen.\u200b<\/p>\n<p>Passar alla som vill f\u00f6rebygga eller korrigera l\u00f6s\/slapp hud och oj\u00e4mn hudton eller hyperpigmentering p\u00e5 kroppen.\u200b<\/p>\n","protected":false},"featured_media":43819,"template":"","meta":[],"product_brand":[],"product_cat":[287,318,296,300],"product_tag":[],"class_list":{"0":"post-43818","1":"product","2":"type-product","3":"status-publish","4":"has-post-thumbnail","6":"product_cat-alla-produkter","7":"product_cat-kropp-professional","8":"product_cat-pevonia-2","9":"product_cat-professional","11":"first","12":"instock","13":"taxable","14":"shipping-taxable","15":"purchasable","16":"product-type-simple"},"shsp-ext":{"main":{},"variations":[]},"_links":{"self":[{"href":"https:\/\/b4k.se\/no\/wp-json\/wp\/v2\/product\/43818","targetHints":{"allow":["GET"]}}],"collection":[{"href":"https:\/\/b4k.se\/no\/wp-json\/wp\/v2\/product"}],"about":[{"href":"https:\/\/b4k.se\/no\/wp-json\/wp\/v2\/types\/product"}],"wp:featuredmedia":[{"embeddable":true,"href":"https:\/\/b4k.se\/no\/wp-json\/wp\/v2\/media\/43819"}],"wp:attachment":[{"href":"https:\/\/b4k.se\/no\/wp-json\/wp\/v2\/media?parent=43818"}],"wp:term":[{"taxonomy":"product_brand","embeddable":true,"href":"https:\/\/b4k.se\/no\/wp-json\/wp\/v2\/product_brand?post=43818"},{"taxonomy":"product_cat","embeddable":true,"href":"https:\/\/b4k.se\/no\/wp-json\/wp\/v2\/product_cat?post=43818"},{"taxonomy":"product_tag","embeddable":true,"href":"https:\/\/b4k.se\/no\/wp-json\/wp\/v2\/product_tag?post=43818"}],"curies":[{"name":"wp","href":"https:\/\/api.w.org\/{rel}","templated":true}]}}