{"id":43809,"date":"2018-12-17T09:19:57","date_gmt":"2018-12-17T08:19:57","guid":{"rendered":"https:\/\/b4k.se\/product\/stem-cells-body-contouring-wrap\/"},"modified":"2026-01-23T10:52:08","modified_gmt":"2026-01-23T09:52:08","slug":"stem-cells-body-contouring-wrap","status":"publish","type":"product","link":"https:\/\/b4k.se\/no\/produkt\/stem-cells-body-contouring-wrap\/","title":{"rendered":"Pevonia Stem Cells Body Contouring Wrap 1 kg"},"content":{"rendered":"<p><span style=\"font-weight: 400;\">Anv\u00e4ndning:<\/span><\/p>\n<p><span style=\"font-weight: 400;\">Applicera i ett tunt lager, linda sedan in kunden med ett plastduk och en filt. Se till att plasten f\u00e4ster helt p\u00e5 huden. H\u00e5ll kunden insvept i 15 minuter.<\/span><\/p>\n<p><span style=\"font-weight: 400;\">Obs: Anv\u00e4nd inte en v\u00e4rmefilt.<\/span><\/p>\n<p><span style=\"font-weight: 400;\">Se Stem Cells Phyto-Elite Body Treatment i steg-f\u00f6r-steg-manualen f\u00f6r ytterligare information.<\/span><\/p>\n<p>&nbsp;<\/p>\n","protected":false},"excerpt":{"rendered":"<p><strong>Stem Cells Phyto-Elite\u00ae Intensive Body Contouring Wrap - 1 kg. Endast professionellt bruk.<\/strong><\/p>\n<p><span style=\"font-weight: 400;\">Med en rik och kr\u00e4mig konsistens \u00e4r denna radikalt reparativa inpackning verkligen revolutionerande och f\u00f6rb\u00e4ttrar ditt utbud med en resultatdriven \u00e5ldersbek\u00e4mpande behandling. Den riktar ocks\u00e5 in sig p\u00e5 lokala cellulitansamlingar f\u00f6r att ge fasthet, tona, reparera och f\u00f6rb\u00e4ttra hudens \u00f6vergripande struktur.<\/span><\/p>\n","protected":false},"featured_media":43810,"template":"","meta":[],"product_brand":[],"product_cat":[287,318,296,300],"product_tag":[],"class_list":{"0":"post-43809","1":"product","2":"type-product","3":"status-publish","4":"has-post-thumbnail","6":"product_cat-alla-produkter","7":"product_cat-kropp-professional","8":"product_cat-pevonia-2","9":"product_cat-professional","11":"first","12":"instock","13":"taxable","14":"shipping-taxable","15":"purchasable","16":"product-type-simple"},"shsp-ext":{"main":{},"variations":[]},"_links":{"self":[{"href":"https:\/\/b4k.se\/no\/wp-json\/wp\/v2\/product\/43809","targetHints":{"allow":["GET"]}}],"collection":[{"href":"https:\/\/b4k.se\/no\/wp-json\/wp\/v2\/product"}],"about":[{"href":"https:\/\/b4k.se\/no\/wp-json\/wp\/v2\/types\/product"}],"wp:featuredmedia":[{"embeddable":true,"href":"https:\/\/b4k.se\/no\/wp-json\/wp\/v2\/media\/43810"}],"wp:attachment":[{"href":"https:\/\/b4k.se\/no\/wp-json\/wp\/v2\/media?parent=43809"}],"wp:term":[{"taxonomy":"product_brand","embeddable":true,"href":"https:\/\/b4k.se\/no\/wp-json\/wp\/v2\/product_brand?post=43809"},{"taxonomy":"product_cat","embeddable":true,"href":"https:\/\/b4k.se\/no\/wp-json\/wp\/v2\/product_cat?post=43809"},{"taxonomy":"product_tag","embeddable":true,"href":"https:\/\/b4k.se\/no\/wp-json\/wp\/v2\/product_tag?post=43809"}],"curies":[{"name":"wp","href":"https:\/\/api.w.org\/{rel}","templated":true}]}}