{"id":43807,"date":"2018-12-17T09:17:34","date_gmt":"2018-12-17T08:17:34","guid":{"rendered":"https:\/\/b4k.se\/product\/stem-cells-body-celluite-massage-oil\/"},"modified":"2026-01-23T10:51:06","modified_gmt":"2026-01-23T09:51:06","slug":"stem-cells-body-celluite-massage-oil","status":"publish","type":"product","link":"https:\/\/b4k.se\/no\/produkt\/stem-cells-body-celluite-massage-oil\/","title":{"rendered":"Pevonia Stem Cells Body Cellulite Massage Oil 500 ml"},"content":{"rendered":"<p><span style=\"font-weight: 400;\">Anv\u00e4ndning:<\/span><\/p>\n<p><span style=\"font-weight: 400;\">Applicera endast en liten m\u00e4ngd p\u00e5 specifika m\u00e5lomr\u00e5den. Sprid ut produkten v\u00e4l och b\u00f6rja massera.<\/span><\/p>\n<p><span style=\"font-weight: 400;\">Massageoljan b\u00f6rjar som en kr\u00e4m och f\u00f6rvandlas gradvis till en olja. Under appliceringen och massageprocessen kan denna produkt f\u00e5 huden att v\u00e4rmas upp eller ge en l\u00e4tt stickande k\u00e4nsla f\u00f6ljt av en rosa\/r\u00f6daktig hudton; detta \u00e4r en helt normal h\u00e4ndelse eftersom vasodilatation intr\u00e4ffar (upph\u00f6r n\u00e4r produkten tr\u00e4nger in).<\/span><\/p>\n<p><span style=\"font-weight: 400;\">Se Stem Cells Phyto-Elite Body Treatment i steg-f\u00f6r-steg-manualen f\u00f6r ytterligare information.<\/span><\/p>\n","protected":false},"excerpt":{"rendered":"<p><strong>Stem Cells Phyto-Elite\u00ae Intensive Body Cellulite Massage Oil - 500 ml. Endast profesionellt bruk.<\/strong><\/p>\n<p><span style=\"font-weight: 400;\">Denna extraordin\u00e4ra, fettbrytande, \u00e5ldersbek\u00e4mpade och kraftfulla cellulitmassageolja inneh\u00e5ller en resultatdriven blandning av Capsicum Fruit Extract och andra nyckelingredienser f\u00f6r att f\u00f6rb\u00e4ttra absorberingen av aktiva \u00e4mnen genom \u00f6kad cirkulation och snabbare resultat. Den f\u00f6rbereder ocks\u00e5 huden f\u00f6r n\u00e4sta behandlingsprocess.<\/span><\/p>\n","protected":false},"featured_media":43808,"template":"","meta":[],"product_brand":[],"product_cat":[287,318,296,300],"product_tag":[],"class_list":{"0":"post-43807","1":"product","2":"type-product","3":"status-publish","4":"has-post-thumbnail","6":"product_cat-alla-produkter","7":"product_cat-kropp-professional","8":"product_cat-pevonia-2","9":"product_cat-professional","11":"first","12":"instock","13":"taxable","14":"shipping-taxable","15":"purchasable","16":"product-type-simple"},"shsp-ext":{"main":{},"variations":[]},"_links":{"self":[{"href":"https:\/\/b4k.se\/no\/wp-json\/wp\/v2\/product\/43807","targetHints":{"allow":["GET"]}}],"collection":[{"href":"https:\/\/b4k.se\/no\/wp-json\/wp\/v2\/product"}],"about":[{"href":"https:\/\/b4k.se\/no\/wp-json\/wp\/v2\/types\/product"}],"wp:featuredmedia":[{"embeddable":true,"href":"https:\/\/b4k.se\/no\/wp-json\/wp\/v2\/media\/43808"}],"wp:attachment":[{"href":"https:\/\/b4k.se\/no\/wp-json\/wp\/v2\/media?parent=43807"}],"wp:term":[{"taxonomy":"product_brand","embeddable":true,"href":"https:\/\/b4k.se\/no\/wp-json\/wp\/v2\/product_brand?post=43807"},{"taxonomy":"product_cat","embeddable":true,"href":"https:\/\/b4k.se\/no\/wp-json\/wp\/v2\/product_cat?post=43807"},{"taxonomy":"product_tag","embeddable":true,"href":"https:\/\/b4k.se\/no\/wp-json\/wp\/v2\/product_tag?post=43807"}],"curies":[{"name":"wp","href":"https:\/\/api.w.org\/{rel}","templated":true}]}}