{"id":43803,"date":"2018-12-17T09:09:30","date_gmt":"2018-12-17T08:09:30","guid":{"rendered":"https:\/\/b4k.se\/product\/stem-cells-body-sea-scrub-green-apple\/"},"modified":"2026-01-23T10:48:54","modified_gmt":"2026-01-23T09:48:54","slug":"stem-cells-body-sea-scrub-green-apple","status":"publish","type":"product","link":"https:\/\/b4k.se\/no\/produkt\/stem-cells-body-sea-scrub-green-apple\/","title":{"rendered":"Pevonia Stem Cells Body Sea Scrub Green Apple 1 kg"},"content":{"rendered":"<p><span style=\"font-weight: 400;\">Anv\u00e4ndning:<\/span><\/p>\n<p><span style=\"font-weight: 400;\">Bl\u00f6t handflatan med vatten och l\u00e4gg den p\u00e5 en tallrik som inneh\u00e5ller Stem Cells Phyto-Elite\u00ae Intensive Body Sea Scrub. Applicera skrubben direkt p\u00e5 huden och exfoliera p\u00e5 de omr\u00e5den som ska behandlas. Bl\u00f6t h\u00e4nderna efter behov och forts\u00e4tt med exfolieringen tills allt salt \u00e4r uppl\u00f6st.<\/span><\/p>\n<p><span style=\"font-weight: 400;\">Se Stem Cells Phyto-Elite Body Treatment i steg-f\u00f6r-steg-manualen f\u00f6r ytterligare information.<\/span><\/p>\n","protected":false},"excerpt":{"rendered":"<p><strong>Stem Cells Phyto-Elite\u00ae Intensive Body Sea Scrub - Green Apple - 1 kg. Endast professionellt bruk.<\/strong><\/p>\n<p><span style=\"font-weight: 400;\">Denna naturliga havssaltskrubb med gr\u00f6nt \u00e4ppleextrakt fr\u00e4mjar f\u00f6rnyelsen av hudceller, samtidigt som den ger f\u00f6ryngrande och anticellulitiska f\u00f6rdelar.<\/span><\/p>\n<p><span style=\"font-weight: 400;\">Skrubben fungerar ocks\u00e5 f\u00f6r att fylla p\u00e5 viktiga mineraler och h\u00e4lsofr\u00e4mjande negativa joner.<\/span><\/p>\n","protected":false},"featured_media":43804,"template":"","meta":[],"product_brand":[],"product_cat":[287,318,296,300],"product_tag":[],"class_list":{"0":"post-43803","1":"product","2":"type-product","3":"status-publish","4":"has-post-thumbnail","6":"product_cat-alla-produkter","7":"product_cat-kropp-professional","8":"product_cat-pevonia-2","9":"product_cat-professional","11":"first","12":"instock","13":"taxable","14":"shipping-taxable","15":"purchasable","16":"product-type-simple"},"shsp-ext":{"main":{},"variations":[]},"_links":{"self":[{"href":"https:\/\/b4k.se\/no\/wp-json\/wp\/v2\/product\/43803","targetHints":{"allow":["GET"]}}],"collection":[{"href":"https:\/\/b4k.se\/no\/wp-json\/wp\/v2\/product"}],"about":[{"href":"https:\/\/b4k.se\/no\/wp-json\/wp\/v2\/types\/product"}],"wp:featuredmedia":[{"embeddable":true,"href":"https:\/\/b4k.se\/no\/wp-json\/wp\/v2\/media\/43804"}],"wp:attachment":[{"href":"https:\/\/b4k.se\/no\/wp-json\/wp\/v2\/media?parent=43803"}],"wp:term":[{"taxonomy":"product_brand","embeddable":true,"href":"https:\/\/b4k.se\/no\/wp-json\/wp\/v2\/product_brand?post=43803"},{"taxonomy":"product_cat","embeddable":true,"href":"https:\/\/b4k.se\/no\/wp-json\/wp\/v2\/product_cat?post=43803"},{"taxonomy":"product_tag","embeddable":true,"href":"https:\/\/b4k.se\/no\/wp-json\/wp\/v2\/product_tag?post=43803"}],"curies":[{"name":"wp","href":"https:\/\/api.w.org\/{rel}","templated":true}]}}