{"id":43799,"date":"2018-12-17T09:00:56","date_gmt":"2018-12-17T08:00:56","guid":{"rendered":"https:\/\/b4k.se\/product\/stem-cell-phyto-elite-freeze-dried-treatment\/"},"modified":"2026-03-11T11:42:38","modified_gmt":"2026-03-11T10:42:38","slug":"stem-cell-phyto-elite-freeze-dried-treatment","status":"publish","type":"product","link":"https:\/\/b4k.se\/no\/produkt\/stem-cell-phyto-elite-freeze-dried-treatment\/","title":{"rendered":"Stem Cell Phyto-Elite Freeze-Dried Treatment"},"content":{"rendered":"<p>Salongsf\u00f6rpackning med 1 behandling av Stem Cell Phyto-Elite Freeze-Dried Treatment.<\/p>\n<p>Anv\u00e4ndning:<\/p>\n<p>F\u00f6lj steg-f\u00f6r-steg-manualen f\u00f6r Stem Cells Phyto-Elite\u00ae Treatment.<\/p>\n","protected":false},"excerpt":{"rendered":"<p><strong>Salongsf\u00f6rpackning med 1 behandling av Stem Cell Phyto-Elite Freeze-Dried Treatment.<\/strong><\/p>\n<p>Pevonia Stem Cells Phyto-Elite\u00ae erbjuder n\u00e4sta generation inom stamcellsteknik. Stamceller har viktiga egenskaper; de fungerar som v\u00e5r kropps reparationsfunktion. Pevonias stamceller inneh\u00e5ller en banbrytande bioteknik som p\u00e5 ett framg\u00e5ngsrikt s\u00e4tt visat sig generera och odla v\u00e4xtstamceller. Med denna teknik induceras tillv\u00e4xt av callusceller (s\u00e5rv\u00e4vnad) i utvald v\u00e4xtv\u00e4vnad under speciella f\u00f6rh\u00e5llanden. Dessa callusceller \u00e4r odifferentierade v\u00e4xtceller, med andra ord: stamceller.<\/p>\n<p>Behandlingen rekommenderas f\u00f6r alla \u00e5ldrande symptom p\u00e5 mogen hud.<\/p>\n","protected":false},"featured_media":43800,"template":"","meta":[],"product_brand":[],"product_cat":[287,301,296,300],"product_tag":[],"class_list":{"0":"post-43799","1":"product","2":"type-product","3":"status-publish","4":"has-post-thumbnail","6":"product_cat-alla-produkter","7":"product_cat-ansikte-professional","8":"product_cat-pevonia-2","9":"product_cat-professional","11":"first","12":"instock","13":"taxable","14":"shipping-taxable","15":"purchasable","16":"product-type-simple"},"shsp-ext":{"main":{},"variations":[]},"_links":{"self":[{"href":"https:\/\/b4k.se\/no\/wp-json\/wp\/v2\/product\/43799","targetHints":{"allow":["GET"]}}],"collection":[{"href":"https:\/\/b4k.se\/no\/wp-json\/wp\/v2\/product"}],"about":[{"href":"https:\/\/b4k.se\/no\/wp-json\/wp\/v2\/types\/product"}],"wp:featuredmedia":[{"embeddable":true,"href":"https:\/\/b4k.se\/no\/wp-json\/wp\/v2\/media\/43800"}],"wp:attachment":[{"href":"https:\/\/b4k.se\/no\/wp-json\/wp\/v2\/media?parent=43799"}],"wp:term":[{"taxonomy":"product_brand","embeddable":true,"href":"https:\/\/b4k.se\/no\/wp-json\/wp\/v2\/product_brand?post=43799"},{"taxonomy":"product_cat","embeddable":true,"href":"https:\/\/b4k.se\/no\/wp-json\/wp\/v2\/product_cat?post=43799"},{"taxonomy":"product_tag","embeddable":true,"href":"https:\/\/b4k.se\/no\/wp-json\/wp\/v2\/product_tag?post=43799"}],"curies":[{"name":"wp","href":"https:\/\/api.w.org\/{rel}","templated":true}]}}