{"id":43792,"date":"2018-12-17T08:35:48","date_gmt":"2018-12-17T07:35:48","guid":{"rendered":"https:\/\/b4k.se\/product\/age-defying-marine-collagen-cream-2\/"},"modified":"2026-04-08T12:22:40","modified_gmt":"2026-04-08T10:22:40","slug":"age-defying-marine-collagen-cream-2","status":"publish","type":"product","link":"https:\/\/b4k.se\/no\/produkt\/age-defying-marine-collagen-cream-2\/","title":{"rendered":"Age-defying Marine Collagen Cream"},"content":{"rendered":"<p><strong>Age-defying marine collagen cream i salongsf\u00f6rpackning p\u00e5 100ml.<\/strong><\/p>\n<p>Anv\u00e4ndning:<\/p>\n<p>Applicera \u00f6ver ansikte och hals efter noggrann reng\u00f6ring av huden med Hydrating Cleanser, f\u00f6ljt av Hydrating Toner.<\/p>\n<p>Anv\u00e4nds morgon eller kv\u00e4ll.<\/p>\n","protected":false},"excerpt":{"rendered":"<div class=\"woocommerce-product-details__short-description\">\n<p><strong>Age-defying marine collagen cream i salongsf\u00f6rpackning p\u00e5 100ml.<\/strong><\/p>\n<p>Tillf\u00f6r fukt, j\u00e4mna ut fina linjer och skydda huden mot UV-skador med denna djupt \u00e5terfuktande fuktkr\u00e4m.<\/p>\n<p>Age-defying marine collagen cream f\u00f6rhindrar och sl\u00e4tar ut fina linjer och rynkor, \u00e5terst\u00e4ller, ger n\u00e4ring, saktar ner \u00e5ldringsprocessen och skyddar huden fr\u00e5n milj\u00f6n.<\/p>\n<p>Passar de med tidiga tecken p\u00e5 \u00e5ldrande, s\u00e4rskilt fina linjer och torr eller uttorkad hud. Perfekt f\u00f6r dem som vill ha en fin grund f\u00f6r sminkapplicering. Rekommenderas f\u00f6r all djupt uttorkad hud med torra tendenser.<\/p>\n<\/div>\n","protected":false},"featured_media":43793,"template":"","meta":[],"product_brand":[],"product_cat":[287,301,296,308,300],"product_tag":[],"class_list":{"0":"post-43792","1":"product","2":"type-product","3":"status-publish","4":"has-post-thumbnail","6":"product_cat-alla-produkter","7":"product_cat-ansikte-professional","8":"product_cat-pevonia-2","9":"product_cat-power-repair-line","10":"product_cat-professional","12":"first","13":"instock","14":"taxable","15":"shipping-taxable","16":"purchasable","17":"product-type-simple"},"shsp-ext":{"main":{},"variations":[]},"_links":{"self":[{"href":"https:\/\/b4k.se\/no\/wp-json\/wp\/v2\/product\/43792","targetHints":{"allow":["GET"]}}],"collection":[{"href":"https:\/\/b4k.se\/no\/wp-json\/wp\/v2\/product"}],"about":[{"href":"https:\/\/b4k.se\/no\/wp-json\/wp\/v2\/types\/product"}],"wp:featuredmedia":[{"embeddable":true,"href":"https:\/\/b4k.se\/no\/wp-json\/wp\/v2\/media\/43793"}],"wp:attachment":[{"href":"https:\/\/b4k.se\/no\/wp-json\/wp\/v2\/media?parent=43792"}],"wp:term":[{"taxonomy":"product_brand","embeddable":true,"href":"https:\/\/b4k.se\/no\/wp-json\/wp\/v2\/product_brand?post=43792"},{"taxonomy":"product_cat","embeddable":true,"href":"https:\/\/b4k.se\/no\/wp-json\/wp\/v2\/product_cat?post=43792"},{"taxonomy":"product_tag","embeddable":true,"href":"https:\/\/b4k.se\/no\/wp-json\/wp\/v2\/product_tag?post=43792"}],"curies":[{"name":"wp","href":"https:\/\/api.w.org\/{rel}","templated":true}]}}