{"id":43777,"date":"2018-12-14T11:32:02","date_gmt":"2018-12-14T10:32:02","guid":{"rendered":"https:\/\/b4k.se\/product\/reactive-skin-care-cream-2\/"},"modified":"2026-03-17T09:41:34","modified_gmt":"2026-03-17T08:41:34","slug":"reactive-skin-care-cream-2","status":"publish","type":"product","link":"https:\/\/b4k.se\/no\/produkt\/reactive-skin-care-cream-2\/","title":{"rendered":"Reactive Skin Care Cream"},"content":{"rendered":"<p>Salongsf\u00f6rpackning p\u00e5 100ml av Reactive skin care cream.<\/p>\n<p>Anv\u00e4ndning:<\/p>\n<p>Anv\u00e4nds vid avslutning av behandling som en \u00e5terfuktande och skyddande kr\u00e4m.<\/p>\n","protected":false},"excerpt":{"rendered":"<p><strong>Salongsf\u00f6rpackning p\u00e5 100ml av Reactive skin care cream.<\/strong><\/p>\n<p>Omedelbar l\u00e4ttnad! Ge komfort och lugna \u00f6verk\u00e4nslig hud med Reactive Skin Care Cream med UV-skydd. Denna lugnande, trefasade och homogeniserade kr\u00e4m lindrar och skyddar huden mot milj\u00f6irriterande \u00e4mnen med en noggrann formulering av sheasm\u00f6r, calendula och h\u00e4stkastanj.<\/p>\n<p>Passar perfekt f\u00f6r postoperativ v\u00e5rd: laser och dermabrasion, liksom f\u00f6r Retin A-anv\u00e4ndare.<\/p>\n","protected":false},"featured_media":43778,"template":"","meta":[],"product_brand":[],"product_cat":[287,301,296,300],"product_tag":[],"class_list":{"0":"post-43777","1":"product","2":"type-product","3":"status-publish","4":"has-post-thumbnail","6":"product_cat-alla-produkter","7":"product_cat-ansikte-professional","8":"product_cat-pevonia-2","9":"product_cat-professional","11":"first","12":"instock","13":"taxable","14":"shipping-taxable","15":"purchasable","16":"product-type-simple"},"shsp-ext":{"main":{},"variations":[]},"_links":{"self":[{"href":"https:\/\/b4k.se\/no\/wp-json\/wp\/v2\/product\/43777","targetHints":{"allow":["GET"]}}],"collection":[{"href":"https:\/\/b4k.se\/no\/wp-json\/wp\/v2\/product"}],"about":[{"href":"https:\/\/b4k.se\/no\/wp-json\/wp\/v2\/types\/product"}],"wp:featuredmedia":[{"embeddable":true,"href":"https:\/\/b4k.se\/no\/wp-json\/wp\/v2\/media\/43778"}],"wp:attachment":[{"href":"https:\/\/b4k.se\/no\/wp-json\/wp\/v2\/media?parent=43777"}],"wp:term":[{"taxonomy":"product_brand","embeddable":true,"href":"https:\/\/b4k.se\/no\/wp-json\/wp\/v2\/product_brand?post=43777"},{"taxonomy":"product_cat","embeddable":true,"href":"https:\/\/b4k.se\/no\/wp-json\/wp\/v2\/product_cat?post=43777"},{"taxonomy":"product_tag","embeddable":true,"href":"https:\/\/b4k.se\/no\/wp-json\/wp\/v2\/product_tag?post=43777"}],"curies":[{"name":"wp","href":"https:\/\/api.w.org\/{rel}","templated":true}]}}