{"id":43770,"date":"2018-12-14T11:16:55","date_gmt":"2018-12-14T10:16:55","guid":{"rendered":"https:\/\/b4k.se\/product\/c-evolutive-eye-gel-anti-stress\/"},"modified":"2026-03-11T11:41:14","modified_gmt":"2026-03-11T10:41:14","slug":"c-evolutive-eye-gel-anti-stress","status":"publish","type":"product","link":"https:\/\/b4k.se\/no\/produkt\/c-evolutive-eye-gel-anti-stress\/","title":{"rendered":"\"C\" Evolutive Eye Gel"},"content":{"rendered":"<p>\"C\" Evolutive Eye Gel i salongsf\u00f6rpackning p\u00e5 50ml.<\/p>\n<p>Anv\u00e4ndning:<\/p>\n<p>Se till att \u00f6gonomr\u00e5det \u00e4r rent och applicera en liten m\u00e4ngd runt \u00f6gonkonturen. Anv\u00e4nd mjuka duttande r\u00f6relser.<\/p>\n<p>Appliceras p\u00e5 morgonen. Fungerar som en utm\u00e4rkt bas f\u00f6r l\u00e5ngvarigt smink. B\u00e4st resultat ges n\u00e4r det anv\u00e4nds p\u00e5 kv\u00e4llen tillsammans med Evolutive Eye Cream.<\/p>\n<p><em>Var f\u00f6rsiktig s\u00e5 att du inte applicerar denna gel i \u00f6gonen.<\/em><\/p>\n","protected":false},"excerpt":{"rendered":"<p><strong>\"C\" Evolutive Eye Gel i salongsf\u00f6rpackning p\u00e5 50ml.<\/strong><\/p>\n<p>F\u00f6rminska m\u00f6rka ringar och svullnader och f\u00f6rhindra fina linjer med denna l\u00e4tta \u00f6gongel f\u00f6r att skapa lockande \u00f6gon.<\/p>\n<p>\"C\" Evolutive Eye Gel \u00e5terfuktar, skyddar, minskar \u00f6gonsvullnad och m\u00f6rka ringar, j\u00e4mnar ut och f\u00f6rhindrar fina linjer.<\/p>\n<p>Passar alla hudtyper, s\u00e4rskilt unga, k\u00e4nsliga, blandade och oljiga hudtyper under 30 \u00e5r med svullnader och milda cirklar runt \u00f6gonen. Fungerar \u00e4ven perfekt f\u00f6r de som vill \u00e5terfukta, j\u00e4mna ut och f\u00f6rhindra fina linjer.<\/p>\n","protected":false},"featured_media":43771,"template":"","meta":[],"product_brand":[],"product_cat":[287,301,296,300],"product_tag":[],"class_list":{"0":"post-43770","1":"product","2":"type-product","3":"status-publish","4":"has-post-thumbnail","6":"product_cat-alla-produkter","7":"product_cat-ansikte-professional","8":"product_cat-pevonia-2","9":"product_cat-professional","11":"first","12":"instock","13":"taxable","14":"shipping-taxable","15":"purchasable","16":"product-type-simple"},"shsp-ext":{"main":{},"variations":[]},"_links":{"self":[{"href":"https:\/\/b4k.se\/no\/wp-json\/wp\/v2\/product\/43770","targetHints":{"allow":["GET"]}}],"collection":[{"href":"https:\/\/b4k.se\/no\/wp-json\/wp\/v2\/product"}],"about":[{"href":"https:\/\/b4k.se\/no\/wp-json\/wp\/v2\/types\/product"}],"wp:featuredmedia":[{"embeddable":true,"href":"https:\/\/b4k.se\/no\/wp-json\/wp\/v2\/media\/43771"}],"wp:attachment":[{"href":"https:\/\/b4k.se\/no\/wp-json\/wp\/v2\/media?parent=43770"}],"wp:term":[{"taxonomy":"product_brand","embeddable":true,"href":"https:\/\/b4k.se\/no\/wp-json\/wp\/v2\/product_brand?post=43770"},{"taxonomy":"product_cat","embeddable":true,"href":"https:\/\/b4k.se\/no\/wp-json\/wp\/v2\/product_cat?post=43770"},{"taxonomy":"product_tag","embeddable":true,"href":"https:\/\/b4k.se\/no\/wp-json\/wp\/v2\/product_tag?post=43770"}],"curies":[{"name":"wp","href":"https:\/\/api.w.org\/{rel}","templated":true}]}}