{"id":43766,"date":"2018-12-18T09:56:24","date_gmt":"2018-12-18T08:56:24","guid":{"rendered":"https:\/\/b4k.se\/product\/bright-skin-green-apple-mask-2\/"},"modified":"2026-03-09T09:20:12","modified_gmt":"2026-03-09T08:20:12","slug":"bright-skin-green-apple-mask-2","status":"publish","type":"product","link":"https:\/\/b4k.se\/no\/produkt\/bright-skin-green-apple-mask-2\/","title":{"rendered":"Bright Skin Green Apple Mask"},"content":{"rendered":"<p>Salongsf\u00f6rpackning p\u00e5 100 ml av Bright Skin Green Apple Mask.<\/p>\n<p><span style=\"font-weight: 400\">Anv\u00e4ndning:<\/span><\/p>\n<p><span style=\"font-weight: 400\">Applicera Bright Skin Green Apple Mask i ett tunt lager \u00f6ver ansikte och hals. L\u00e5t verka i 15 minuter. Sk\u00f6lj sedan av masken med pads v\u00e5ta av kallt vatten. F\u00f6lj upp med en passande Pevonia lotion.<\/span><\/p>\n","protected":false},"excerpt":{"rendered":"<p><strong>Salongsf\u00f6rpackning p\u00e5 100 ml av Bright Skin Green Apple Mask.<\/strong><\/p>\n<p><span style=\"font-weight: 400\">Denna mask f\u00f6rnyar, balanserar och sl\u00e4tar ut hudens utseende genom att kontrollera talgproduktionen. Kvar avsl\u00f6jas en \u00e5terfuktad, ungdomlig och matt hy med en j\u00e4mnare hudton och yta samt synligt minimerade porer.<\/span><\/p>\n<p><span style=\"font-weight: 400\">Med avancerad mikroemulgerings- och mikroniseringsteknik kombinerat med bepr\u00f6vade effektiva ingredienser f\u00f6r omedelbara resultat, levererar Bright Skin Green Apple Mask ett aromatiskt gr\u00f6nt \u00e4ppelextrakt som \u00e4r k\u00e4nt f\u00f6r att ha ett \u00f6verfl\u00f6d av polysackarider, natriumlaktat och natrium-PCA. Denna dynamiska trio ger extrem \u00e5terfuktning, plus exfolierande, uppljusande och \u00e5tstramande f\u00f6rdelar med sammandragande egenskaper f\u00f6r att klarg\u00f6ra och balansera huden.<\/span><\/p>\n<p><span style=\"font-weight: 400\">R\u00f6dkl\u00f6verextrakt, en ingrediens som historiskt anv\u00e4nts f\u00f6r att behandla flera hudsjukdomar, inneh\u00e5ller Biochanin A, ett verkligt \u00e4mne som \u00e4r k\u00e4nt f\u00f6r att f\u00f6rb\u00e4ttra keratinisering, reglera talg och strama \u00e5t porer.<\/span><\/p>\n<p><span style=\"font-weight: 400\">Rekommenderas f\u00f6r alla hudtyper, fet hud, kombinerad hud, uttorkad hud och vidgade porer.<\/span><\/p>\n","protected":false},"featured_media":43767,"template":"","meta":[],"product_brand":[],"product_cat":[287,301,296,300],"product_tag":[],"class_list":{"0":"post-43766","1":"product","2":"type-product","3":"status-publish","4":"has-post-thumbnail","6":"product_cat-alla-produkter","7":"product_cat-ansikte-professional","8":"product_cat-pevonia-2","9":"product_cat-professional","11":"first","12":"instock","13":"taxable","14":"shipping-taxable","15":"purchasable","16":"product-type-simple"},"shsp-ext":{"main":{},"variations":[]},"_links":{"self":[{"href":"https:\/\/b4k.se\/no\/wp-json\/wp\/v2\/product\/43766","targetHints":{"allow":["GET"]}}],"collection":[{"href":"https:\/\/b4k.se\/no\/wp-json\/wp\/v2\/product"}],"about":[{"href":"https:\/\/b4k.se\/no\/wp-json\/wp\/v2\/types\/product"}],"wp:featuredmedia":[{"embeddable":true,"href":"https:\/\/b4k.se\/no\/wp-json\/wp\/v2\/media\/43767"}],"wp:attachment":[{"href":"https:\/\/b4k.se\/no\/wp-json\/wp\/v2\/media?parent=43766"}],"wp:term":[{"taxonomy":"product_brand","embeddable":true,"href":"https:\/\/b4k.se\/no\/wp-json\/wp\/v2\/product_brand?post=43766"},{"taxonomy":"product_cat","embeddable":true,"href":"https:\/\/b4k.se\/no\/wp-json\/wp\/v2\/product_cat?post=43766"},{"taxonomy":"product_tag","embeddable":true,"href":"https:\/\/b4k.se\/no\/wp-json\/wp\/v2\/product_tag?post=43766"}],"curies":[{"name":"wp","href":"https:\/\/api.w.org\/{rel}","templated":true}]}}