{"id":43759,"date":"2018-12-14T11:03:42","date_gmt":"2018-12-14T10:03:42","guid":{"rendered":"https:\/\/b4k.se\/product\/rs2-care-cream-2\/"},"modified":"2026-04-09T11:28:04","modified_gmt":"2026-04-09T09:28:04","slug":"rs2-care-cream-2","status":"publish","type":"product","link":"https:\/\/b4k.se\/no\/produkt\/rs2-care-cream-2\/","title":{"rendered":"RS2 Care Cream"},"content":{"rendered":"<p>Salongsf\u00f6rpackning p\u00e5 100ml av RS2 Care cream.<\/p>\n<p>Anv\u00e4ndning:<\/p>\n<p>Appliceras som ett sista steg vid slutet av RS2-behandling eller annan behandling mot \u00f6verk\u00e4nslig hud.<\/p>\n<p>Rekommenderas till de med rosacea och k\u00e4nsliga hudtyper.<\/p>\n","protected":false},"excerpt":{"rendered":"<p><strong>Salongsf\u00f6rpackning p\u00e5 100ml av RS2 Care cream.<\/strong><\/p>\n<p>Reparera, \u00e5terfukta och minska svullnad f\u00f6r hud med rosacea med denna fuktkr\u00e4m f\u00f6r att uppn\u00e5 en synligt lugnad hudton.<\/p>\n<p>RS2 Care Cream \u00e5terfuktar, lugnar, skyddar och minskar rodnad orsakad av rosacea.<\/p>\n<p>Passar de med \u00f6verk\u00e4nslig hud och mikrocirkulationsproblem orsakat av rosacea, som vill ha en \u00e5terfuktande fuktkr\u00e4m.<\/p>\n","protected":false},"featured_media":43761,"template":"","meta":[],"product_brand":[],"product_cat":[287,301,296,300],"product_tag":[],"class_list":{"0":"post-43759","1":"product","2":"type-product","3":"status-publish","4":"has-post-thumbnail","6":"product_cat-alla-produkter","7":"product_cat-ansikte-professional","8":"product_cat-pevonia-2","9":"product_cat-professional","11":"first","12":"instock","13":"taxable","14":"shipping-taxable","15":"purchasable","16":"product-type-simple"},"shsp-ext":{"main":{},"variations":[]},"_links":{"self":[{"href":"https:\/\/b4k.se\/no\/wp-json\/wp\/v2\/product\/43759","targetHints":{"allow":["GET"]}}],"collection":[{"href":"https:\/\/b4k.se\/no\/wp-json\/wp\/v2\/product"}],"about":[{"href":"https:\/\/b4k.se\/no\/wp-json\/wp\/v2\/types\/product"}],"wp:featuredmedia":[{"embeddable":true,"href":"https:\/\/b4k.se\/no\/wp-json\/wp\/v2\/media\/43761"}],"wp:attachment":[{"href":"https:\/\/b4k.se\/no\/wp-json\/wp\/v2\/media?parent=43759"}],"wp:term":[{"taxonomy":"product_brand","embeddable":true,"href":"https:\/\/b4k.se\/no\/wp-json\/wp\/v2\/product_brand?post=43759"},{"taxonomy":"product_cat","embeddable":true,"href":"https:\/\/b4k.se\/no\/wp-json\/wp\/v2\/product_cat?post=43759"},{"taxonomy":"product_tag","embeddable":true,"href":"https:\/\/b4k.se\/no\/wp-json\/wp\/v2\/product_tag?post=43759"}],"curies":[{"name":"wp","href":"https:\/\/api.w.org\/{rel}","templated":true}]}}