{"id":43756,"date":"2018-12-14T10:59:46","date_gmt":"2018-12-14T09:59:46","guid":{"rendered":"https:\/\/b4k.se\/product\/aromatherapy-face-oil-sensitive-skin\/"},"modified":"2026-03-11T11:41:00","modified_gmt":"2026-03-11T10:41:00","slug":"aromatherapy-face-oil-sensitive-skin","status":"publish","type":"product","link":"https:\/\/b4k.se\/no\/produkt\/aromatherapy-face-oil-sensitive-skin\/","title":{"rendered":"Aromatherapy Face Oil Sensitive"},"content":{"rendered":"<p>Salongsf\u00f6rpackning p\u00e5 60ml av Aromatherapy face oil - Sensitive skin.<\/p>\n<p>F\u00f6rdelar:<\/p>\n<ul>\n<li>Silkeslen konsistens<\/li>\n<li>Lugnar k\u00e4nslig, irriterad hud och couperose<\/li>\n<li>N\u00e4ringsgivande<\/li>\n<li>Aromaterapi mot stress<\/li>\n<\/ul>\n<p>Anv\u00e4ndning:<\/p>\n<p>Efter reng\u00f6ring och toning, applicera 3 till 5 droppar av denna olja. Undvik \u00f6gonomr\u00e5det och massera in v\u00e4l.<\/p>\n<p>F\u00f6r b\u00e4sta resultat, anv\u00e4nd Soothing Sensitive Skin Cream p\u00e5 morgonen.<\/p>\n","protected":false},"excerpt":{"rendered":"<p><b>Salongsf\u00f6rpackning p\u00e5 60ml av Aromatherapy face oil - Sensitive skin.<\/b><\/p>\n<p><span style=\"font-weight: 400\">Detta lena koncentrat \u00e4r tillverkat med botaniska extrakt och eteriska oljor och ger fukt samtidigt som det reparerar huden. Oljan anv\u00e4nds som en aromaterapeutisk behandling som lindrar och lugnar huden, hj\u00e4lper till att eliminera irritation och inflammation samtidigt som fuktniv\u00e5n balanseras f\u00f6r att s\u00e4kerst\u00e4lla en varaktig komfort.<\/span><\/p>\n","protected":false},"featured_media":43758,"template":"","meta":[],"product_brand":[],"product_cat":[287,301,296,300],"product_tag":[],"class_list":{"0":"post-43756","1":"product","2":"type-product","3":"status-publish","4":"has-post-thumbnail","6":"product_cat-alla-produkter","7":"product_cat-ansikte-professional","8":"product_cat-pevonia-2","9":"product_cat-professional","11":"first","12":"instock","13":"taxable","14":"shipping-taxable","15":"purchasable","16":"product-type-simple"},"shsp-ext":{"main":{},"variations":[]},"_links":{"self":[{"href":"https:\/\/b4k.se\/no\/wp-json\/wp\/v2\/product\/43756","targetHints":{"allow":["GET"]}}],"collection":[{"href":"https:\/\/b4k.se\/no\/wp-json\/wp\/v2\/product"}],"about":[{"href":"https:\/\/b4k.se\/no\/wp-json\/wp\/v2\/types\/product"}],"wp:featuredmedia":[{"embeddable":true,"href":"https:\/\/b4k.se\/no\/wp-json\/wp\/v2\/media\/43758"}],"wp:attachment":[{"href":"https:\/\/b4k.se\/no\/wp-json\/wp\/v2\/media?parent=43756"}],"wp:term":[{"taxonomy":"product_brand","embeddable":true,"href":"https:\/\/b4k.se\/no\/wp-json\/wp\/v2\/product_brand?post=43756"},{"taxonomy":"product_cat","embeddable":true,"href":"https:\/\/b4k.se\/no\/wp-json\/wp\/v2\/product_cat?post=43756"},{"taxonomy":"product_tag","embeddable":true,"href":"https:\/\/b4k.se\/no\/wp-json\/wp\/v2\/product_tag?post=43756"}],"curies":[{"name":"wp","href":"https:\/\/api.w.org\/{rel}","templated":true}]}}