{"id":43754,"date":"2018-12-14T10:57:27","date_gmt":"2018-12-14T09:57:27","guid":{"rendered":"https:\/\/b4k.se\/product\/soothing-sensitive-skin-mask\/"},"modified":"2026-03-25T11:27:19","modified_gmt":"2026-03-25T10:27:19","slug":"soothing-sensitive-skin-mask","status":"publish","type":"product","link":"https:\/\/b4k.se\/no\/produkt\/soothing-sensitive-skin-mask\/","title":{"rendered":"Soothing Sensitive Skin Mask"},"content":{"rendered":"<p>Salongsf\u00f6rpackning med 100ml av Soothing sensitive skin mask.<\/p>\n<p><span style=\"font-weight: 400\">Anv\u00e4ndning:<\/span><\/p>\n<p><span style=\"font-weight: 400\">Anv\u00e4nd i slutet av behandling p\u00e5 ansikte och hals.<\/span><\/p>\n<ol>\n<li style=\"font-weight: 400\"><span style=\"font-weight: 400\">Applicera masken och l\u00e5t den verka i 10 minuter tills den halvt torkat.<\/span><\/li>\n<li style=\"font-weight: 400\"><span style=\"font-weight: 400\">Sk\u00f6lj av masken med pads v\u00e5ta av kallt vatten.<\/span><\/li>\n<li style=\"font-weight: 400\"><span style=\"font-weight: 400\">F\u00f6lj upp med All Skin Types Lotion.<\/span><\/li>\n<li style=\"font-weight: 400\"><span style=\"font-weight: 400\">Applicera Soothing Sensitive Skin Cream.<\/span><\/li>\n<\/ol>\n","protected":false},"excerpt":{"rendered":"<p><strong>Salongsf\u00f6rpackning med 100ml av Soothing sensitive skin mask.<\/strong><\/p>\n<p>En mild kr\u00e4mig mask som synligt lindrar hudens k\u00e4nslighet.<\/p>\n<p>Genom kombinationen av zinkoxid, sheasm\u00f6r och andra f\u00f6rdelaktiga ingredienser lugnar masken ned och l\u00e4ker omedelbart huden, minskar rodnad och irritation. Masken ger ett h\u00e4lsosamt och j\u00e4mnt utseende.<\/p>\n","protected":false},"featured_media":43755,"template":"","meta":[],"product_brand":[],"product_cat":[287,301,296,300],"product_tag":[],"class_list":{"0":"post-43754","1":"product","2":"type-product","3":"status-publish","4":"has-post-thumbnail","6":"product_cat-alla-produkter","7":"product_cat-ansikte-professional","8":"product_cat-pevonia-2","9":"product_cat-professional","11":"first","12":"instock","13":"taxable","14":"shipping-taxable","15":"purchasable","16":"product-type-simple"},"shsp-ext":{"main":{},"variations":[]},"_links":{"self":[{"href":"https:\/\/b4k.se\/no\/wp-json\/wp\/v2\/product\/43754","targetHints":{"allow":["GET"]}}],"collection":[{"href":"https:\/\/b4k.se\/no\/wp-json\/wp\/v2\/product"}],"about":[{"href":"https:\/\/b4k.se\/no\/wp-json\/wp\/v2\/types\/product"}],"wp:featuredmedia":[{"embeddable":true,"href":"https:\/\/b4k.se\/no\/wp-json\/wp\/v2\/media\/43755"}],"wp:attachment":[{"href":"https:\/\/b4k.se\/no\/wp-json\/wp\/v2\/media?parent=43754"}],"wp:term":[{"taxonomy":"product_brand","embeddable":true,"href":"https:\/\/b4k.se\/no\/wp-json\/wp\/v2\/product_brand?post=43754"},{"taxonomy":"product_cat","embeddable":true,"href":"https:\/\/b4k.se\/no\/wp-json\/wp\/v2\/product_cat?post=43754"},{"taxonomy":"product_tag","embeddable":true,"href":"https:\/\/b4k.se\/no\/wp-json\/wp\/v2\/product_tag?post=43754"}],"curies":[{"name":"wp","href":"https:\/\/api.w.org\/{rel}","templated":true}]}}