{"id":43752,"date":"2021-03-16T16:05:38","date_gmt":"2021-03-16T15:05:38","guid":{"rendered":"https:\/\/b4k.se\/product\/de-stress-escape-aromatic-oil-60-ml-pro\/"},"modified":"2026-04-14T10:28:51","modified_gmt":"2026-04-14T08:28:51","slug":"de-stress-escape-aromatic-oil-60-ml-pro","status":"publish","type":"product","link":"https:\/\/b4k.se\/no\/produkt\/de-stress-escape-aromatic-oil-60-ml-pro\/","title":{"rendered":"De-Stress Aromatic Oil"},"content":{"rendered":"<p>Salongsf\u00f6rpackning p\u00e5 60ml av De-Stress Escape Aromatic Oil.<\/p>\n<p>F\u00f6rdelar:<\/p>\n<ul>\n<li>Avancerad formula med en icke-fet konsistens<\/li>\n<li>Avstressande - fr\u00e4mjar k\u00e4nslan av v\u00e4lbefinnande och avslappning<\/li>\n<li>Djupt \u00e5terfuktande behandling<\/li>\n<li>Minskar irritation och flagnande<\/li>\n<li>\u00c5terst\u00e4ller och st\u00e4rker hudbarri\u00e4ren f\u00f6r en optimal hudh\u00e4lsa<\/li>\n<li>\u00c5terst\u00e4ller hudtexturen med mjukhet och smidighet<\/li>\n<\/ul>\n<p>Anv\u00e4ndning:<\/p>\n<p>Applicera en droppe av denna olja mellan handflatorna och forts\u00e4tt med Inhalation Ritual i en minut f\u00f6r att lindra stress.<\/p>\n<p>Anv\u00e4nd vid alla aromaterapibehandlingar eller aromaterapimassage.<\/p>\n","protected":false},"excerpt":{"rendered":"<p><b>Salongsf\u00f6rpackning p\u00e5 60ml av De-Stress Escape Aromatic Oil.<\/b><\/p>\n<p><span style=\"font-weight: 400;\">F\u00f6rl\u00e4ng en avkopplande behandling med de stora h\u00e4lsof\u00f6rdelarna som denna himmelska aromatiska olja ger. De-Stress Escape Aromatic Oil \u00e4r noggrant framtagen och har en blandning av lyxiga och uts\u00f6kta naturliga oljor f\u00f6r att effektivt minska hudens torrhet\/uttorkning samtidigt som den fr\u00e4mjar en k\u00e4nsla av \u00f6kat v\u00e4lbefinnande och fullst\u00e4ndig avslappning.<\/span><\/p>\n<p><span style=\"font-weight: 400;\">Den kombinerade effekten av botaniska och hudv\u00e4nliga basoljor, som safflor och squalane, f\u00f6renar de behagliga dofterna och bepr\u00f6vade f\u00f6rdelarna med lavendel-, kamomill-, grapefrukt- och rosoljextrakt som ger omedelbar intensiv \u00e5terfuktning. Oljan \u00e4ven lugnar, ger avkoppling, bidrar med lyster och uppljusning och skyddar hudbarri\u00e4ren f\u00f6r en optimal hudh\u00e4lsa.<\/span><\/p>\n<p><span style=\"font-weight: 400;\">Rekommenderas f\u00f6r torra och mogna hudtyper.<\/span><\/p>\n","protected":false},"featured_media":43753,"template":"","meta":[],"product_brand":[],"product_cat":[301,296,300],"product_tag":[],"class_list":{"0":"post-43752","1":"product","2":"type-product","3":"status-publish","4":"has-post-thumbnail","6":"product_cat-ansikte-professional","7":"product_cat-pevonia-2","8":"product_cat-professional","10":"first","11":"instock","12":"taxable","13":"shipping-taxable","14":"purchasable","15":"product-type-simple"},"shsp-ext":{"main":{},"variations":[]},"_links":{"self":[{"href":"https:\/\/b4k.se\/no\/wp-json\/wp\/v2\/product\/43752","targetHints":{"allow":["GET"]}}],"collection":[{"href":"https:\/\/b4k.se\/no\/wp-json\/wp\/v2\/product"}],"about":[{"href":"https:\/\/b4k.se\/no\/wp-json\/wp\/v2\/types\/product"}],"wp:featuredmedia":[{"embeddable":true,"href":"https:\/\/b4k.se\/no\/wp-json\/wp\/v2\/media\/43753"}],"wp:attachment":[{"href":"https:\/\/b4k.se\/no\/wp-json\/wp\/v2\/media?parent=43752"}],"wp:term":[{"taxonomy":"product_brand","embeddable":true,"href":"https:\/\/b4k.se\/no\/wp-json\/wp\/v2\/product_brand?post=43752"},{"taxonomy":"product_cat","embeddable":true,"href":"https:\/\/b4k.se\/no\/wp-json\/wp\/v2\/product_cat?post=43752"},{"taxonomy":"product_tag","embeddable":true,"href":"https:\/\/b4k.se\/no\/wp-json\/wp\/v2\/product_tag?post=43752"}],"curies":[{"name":"wp","href":"https:\/\/api.w.org\/{rel}","templated":true}]}}