{"id":43747,"date":"2018-12-14T10:34:12","date_gmt":"2018-12-14T09:34:12","guid":{"rendered":"https:\/\/b4k.se\/product\/rejuvenating-dry-skin-mask\/"},"modified":"2026-02-25T11:49:08","modified_gmt":"2026-02-25T10:49:08","slug":"rejuvenating-dry-skin-mask","status":"publish","type":"product","link":"https:\/\/b4k.se\/no\/produkt\/rejuvenating-dry-skin-mask\/","title":{"rendered":"Rejuvenating Dry Skin Mask"},"content":{"rendered":"<p>Salongsf\u00f6rpackning p\u00e5 100ml med Rejuvenating Dry skin mask.<\/p>\n<p>Anv\u00e4ndning:<\/p>\n<p>Anv\u00e4nd i slutet av behandlingen p\u00e5 ansikte och hals.<\/p>\n<ol>\n<li>Applicera masken p\u00e5 ansikte och hals och l\u00e5t verka i 10 minuter tills masken halvt torkat.<\/li>\n<li>Avl\u00e4gsna masken med kallt vatten.<\/li>\n<li>F\u00f6lj upp med All Skin Types Lotion.<\/li>\n<li>Applicera Rejuvenating Dry Skin Cream.<\/li>\n<\/ol>\n","protected":false},"excerpt":{"rendered":"<p><strong>Salongsf\u00f6rpackning p\u00e5 100ml med Rejuvenating Dry skin mask.<\/strong><\/p>\n<p>En ultrarik, kr\u00e4mig mask som snabbt l\u00e4ker torr hud. Masken inneh\u00e5ller fuktbindande hyaluronsyra f\u00f6r att \u00e5terfukta huden, blandat med vitamin E och karoten f\u00f6r att reparera.<br \/>\nMasken \u00e5terupplivar och regenererar huden effektivt och l\u00e4mnar huden sl\u00e4t, smidig och ungdomlig.<\/p>\n","protected":false},"featured_media":43748,"template":"","meta":[],"product_brand":[],"product_cat":[287,301,296,300],"product_tag":[],"class_list":{"0":"post-43747","1":"product","2":"type-product","3":"status-publish","4":"has-post-thumbnail","6":"product_cat-alla-produkter","7":"product_cat-ansikte-professional","8":"product_cat-pevonia-2","9":"product_cat-professional","11":"first","12":"instock","13":"taxable","14":"shipping-taxable","15":"purchasable","16":"product-type-simple"},"shsp-ext":{"main":{},"variations":[]},"_links":{"self":[{"href":"https:\/\/b4k.se\/no\/wp-json\/wp\/v2\/product\/43747","targetHints":{"allow":["GET"]}}],"collection":[{"href":"https:\/\/b4k.se\/no\/wp-json\/wp\/v2\/product"}],"about":[{"href":"https:\/\/b4k.se\/no\/wp-json\/wp\/v2\/types\/product"}],"wp:featuredmedia":[{"embeddable":true,"href":"https:\/\/b4k.se\/no\/wp-json\/wp\/v2\/media\/43748"}],"wp:attachment":[{"href":"https:\/\/b4k.se\/no\/wp-json\/wp\/v2\/media?parent=43747"}],"wp:term":[{"taxonomy":"product_brand","embeddable":true,"href":"https:\/\/b4k.se\/no\/wp-json\/wp\/v2\/product_brand?post=43747"},{"taxonomy":"product_cat","embeddable":true,"href":"https:\/\/b4k.se\/no\/wp-json\/wp\/v2\/product_cat?post=43747"},{"taxonomy":"product_tag","embeddable":true,"href":"https:\/\/b4k.se\/no\/wp-json\/wp\/v2\/product_tag?post=43747"}],"curies":[{"name":"wp","href":"https:\/\/api.w.org\/{rel}","templated":true}]}}