{"id":43730,"date":"2018-12-13T08:58:01","date_gmt":"2018-12-13T07:58:01","guid":{"rendered":"https:\/\/b4k.se\/product\/hydrating-cleanser\/"},"modified":"2026-04-20T08:29:52","modified_gmt":"2026-04-20T06:29:52","slug":"hydrating-cleanser","status":"publish","type":"product","link":"https:\/\/b4k.se\/no\/produkt\/hydrating-cleanser\/","title":{"rendered":"Pevonia Power repair Hydrating Cleanser 120 ml"},"content":{"rendered":"<p><span style=\"font-weight: 400\">Anv\u00e4ndning:<\/span><\/p>\n<p><span style=\"font-weight: 400\">Applicera en liten m\u00e4ngd Hydrating cleanser \u00f6ver ansikte och hals. Arbeta in reng\u00f6ringen med v\u00e5ta fingertoppar. Avl\u00e4gsna med en tv\u00e4ttlapp fuktad med varmt vatten. F\u00f6lj sedan upp med Hydrating Toner.<\/span><\/p>\n<p><span style=\"font-weight: 400\">Anv\u00e4nd morgon och kv\u00e4ll. F\u00f6r alla hudtyper.<\/span><\/p>\n","protected":false},"excerpt":{"rendered":"<p><span style=\"font-weight: 400\">Ta bort orenheter i huden och bevara fuktbalansen med denna kr\u00e4miga reng\u00f6ring som sk\u00f6ljer rent och spelar en viktig roll i att f\u00f6rebygga och reparera de f\u00f6rsta tecknen p\u00e5 \u00e5ldrande.<\/span><\/p>\n<p><span style=\"font-weight: 400\">Hydrating cleanser avl\u00e4gsnar p\u00e5 ett skonsamt och effektivt s\u00e4tt bort smink och f\u00f6roreningar samt \u00e5terfuktar huden.<\/span><\/p>\n<p><span style=\"font-weight: 400\">Passar de med de f\u00f6rsta tecknen p\u00e5 \u00e5ldrande, mogen hud, s\u00e5v\u00e4l som de vars hud \u00e4r torr, stram, flagnande eller uttorkad.<\/span><\/p>\n","protected":false},"featured_media":43731,"template":"","meta":[],"product_brand":[],"product_cat":[307,287,296,308,297],"product_tag":[],"class_list":{"0":"post-43730","1":"product","2":"type-product","3":"status-publish","4":"has-post-thumbnail","6":"product_cat-age-management","7":"product_cat-alla-produkter","8":"product_cat-pevonia-2","9":"product_cat-power-repair-line","10":"product_cat-retail","12":"first","13":"instock","14":"taxable","15":"shipping-taxable","16":"purchasable","17":"product-type-simple"},"shsp-ext":{"main":{},"variations":[]},"_links":{"self":[{"href":"https:\/\/b4k.se\/no\/wp-json\/wp\/v2\/product\/43730","targetHints":{"allow":["GET"]}}],"collection":[{"href":"https:\/\/b4k.se\/no\/wp-json\/wp\/v2\/product"}],"about":[{"href":"https:\/\/b4k.se\/no\/wp-json\/wp\/v2\/types\/product"}],"wp:featuredmedia":[{"embeddable":true,"href":"https:\/\/b4k.se\/no\/wp-json\/wp\/v2\/media\/43731"}],"wp:attachment":[{"href":"https:\/\/b4k.se\/no\/wp-json\/wp\/v2\/media?parent=43730"}],"wp:term":[{"taxonomy":"product_brand","embeddable":true,"href":"https:\/\/b4k.se\/no\/wp-json\/wp\/v2\/product_brand?post=43730"},{"taxonomy":"product_cat","embeddable":true,"href":"https:\/\/b4k.se\/no\/wp-json\/wp\/v2\/product_cat?post=43730"},{"taxonomy":"product_tag","embeddable":true,"href":"https:\/\/b4k.se\/no\/wp-json\/wp\/v2\/product_tag?post=43730"}],"curies":[{"name":"wp","href":"https:\/\/api.w.org\/{rel}","templated":true}]}}