{"id":43726,"date":"2020-08-20T15:05:31","date_gmt":"2020-08-20T13:05:31","guid":{"rendered":"https:\/\/b4k.se\/product\/blemished-skin-moisturizer\/"},"modified":"2026-03-18T14:03:29","modified_gmt":"2026-03-18T13:03:29","slug":"blemished-skin-moisturizer","status":"publish","type":"product","link":"https:\/\/b4k.se\/no\/produkt\/blemished-skin-moisturizer\/","title":{"rendered":"Blemished Skin Moisturizer"},"content":{"rendered":"<p>Anv\u00e4ndning:<\/p>\n<p>Applicera morgon och kv\u00e4ll \u00f6ver ansikte och hals efter noggrann reng\u00f6ring av huden.<\/p>\n","protected":false},"excerpt":{"rendered":"<p>Bek\u00e4mpa bakterier skonsamt och l\u00e4k utbrott med denna l\u00e4tta, icke-komedogena fuktkr\u00e4m.<\/p>\n<p>Blemished Skin Moisturizer l\u00e4ker och f\u00f6rhindrar utbrott, bek\u00e4mpar bakterier, \u00e5terfuktar och lugnar huden.<\/p>\n<p>Passar alla ton\u00e5ringar och vuxna med akne vars hud tenderar att vara k\u00e4nslig eller l\u00e4tt irriterad och \u00e4r ben\u00e4gen f\u00f6r akne-relaterad hyperpigmentering, m\u00f6rka fl\u00e4ckar eller \u00e4rrbildning.<\/p>\n","protected":false},"featured_media":43727,"template":"","meta":[],"product_brand":[],"product_cat":[287,298,296,297,321],"product_tag":[],"class_list":{"0":"post-43726","1":"product","2":"type-product","3":"status-publish","4":"has-post-thumbnail","6":"product_cat-alla-produkter","7":"product_cat-essential","8":"product_cat-pevonia-2","9":"product_cat-retail","10":"product_cat-spa-teen-blemished-skin-line","12":"first","13":"instock","14":"taxable","15":"shipping-taxable","16":"purchasable","17":"product-type-simple"},"shsp-ext":{"main":{},"variations":[]},"_links":{"self":[{"href":"https:\/\/b4k.se\/no\/wp-json\/wp\/v2\/product\/43726","targetHints":{"allow":["GET"]}}],"collection":[{"href":"https:\/\/b4k.se\/no\/wp-json\/wp\/v2\/product"}],"about":[{"href":"https:\/\/b4k.se\/no\/wp-json\/wp\/v2\/types\/product"}],"wp:featuredmedia":[{"embeddable":true,"href":"https:\/\/b4k.se\/no\/wp-json\/wp\/v2\/media\/43727"}],"wp:attachment":[{"href":"https:\/\/b4k.se\/no\/wp-json\/wp\/v2\/media?parent=43726"}],"wp:term":[{"taxonomy":"product_brand","embeddable":true,"href":"https:\/\/b4k.se\/no\/wp-json\/wp\/v2\/product_brand?post=43726"},{"taxonomy":"product_cat","embeddable":true,"href":"https:\/\/b4k.se\/no\/wp-json\/wp\/v2\/product_cat?post=43726"},{"taxonomy":"product_tag","embeddable":true,"href":"https:\/\/b4k.se\/no\/wp-json\/wp\/v2\/product_tag?post=43726"}],"curies":[{"name":"wp","href":"https:\/\/api.w.org\/{rel}","templated":true}]}}