{"id":43724,"date":"2020-08-20T15:05:36","date_gmt":"2020-08-20T13:05:36","guid":{"rendered":"https:\/\/b4k.se\/product\/blemish-b-gone\/"},"modified":"2026-01-22T14:35:33","modified_gmt":"2026-01-22T13:35:33","slug":"blemish-b-gone","status":"publish","type":"product","link":"https:\/\/b4k.se\/no\/produkt\/blemish-b-gone\/","title":{"rendered":"Pevonia Blemish B-Gone 15 ml"},"content":{"rendered":"<p>Anv\u00e4ndning:<\/p>\n<p>Applicera sparsamt vid utbrott efter grundlig reng\u00f6ring av huden morgon och kv\u00e4ll. L\u00e5t torka i 2 minuter, f\u00f6lj sedan upp med Blemished Skin Moisturizer.<\/p>\n","protected":false},"excerpt":{"rendered":"<p>L\u00e4k akneutbrott, motverka bakterier och f\u00f6rhindra framtida utbrott med denna effektiva, men \u00e4nd\u00e5 skonsamma, punktbehandlande akne-behandling.<\/p>\n<p>Blemish B-Gone l\u00e4ker utbrott snabbt och d\u00f6dar bakterier, rensar bort portillt\u00e4ppande d\u00f6d hud, minskar rodnad och inflammation, lugnar och f\u00f6rhindrar \u00e4rrbildning och m\u00f6rka fl\u00e4ckar.<\/p>\n<p>Passar alla ton\u00e5ringar eller vuxna med akne och k\u00e4nslighet som beh\u00f6ver en punktbehandling f\u00f6r att snabbt bek\u00e4mpa utbrott.<\/p>\n","protected":false},"featured_media":43725,"template":"","meta":[],"product_brand":[],"product_cat":[287,298,296,297,321],"product_tag":[],"class_list":{"0":"post-43724","1":"product","2":"type-product","3":"status-publish","4":"has-post-thumbnail","6":"product_cat-alla-produkter","7":"product_cat-essential","8":"product_cat-pevonia-2","9":"product_cat-retail","10":"product_cat-spa-teen-blemished-skin-line","12":"first","13":"outofstock","14":"taxable","15":"shipping-taxable","16":"purchasable","17":"product-type-simple"},"shsp-ext":{"main":{},"variations":[]},"_links":{"self":[{"href":"https:\/\/b4k.se\/no\/wp-json\/wp\/v2\/product\/43724","targetHints":{"allow":["GET"]}}],"collection":[{"href":"https:\/\/b4k.se\/no\/wp-json\/wp\/v2\/product"}],"about":[{"href":"https:\/\/b4k.se\/no\/wp-json\/wp\/v2\/types\/product"}],"wp:featuredmedia":[{"embeddable":true,"href":"https:\/\/b4k.se\/no\/wp-json\/wp\/v2\/media\/43725"}],"wp:attachment":[{"href":"https:\/\/b4k.se\/no\/wp-json\/wp\/v2\/media?parent=43724"}],"wp:term":[{"taxonomy":"product_brand","embeddable":true,"href":"https:\/\/b4k.se\/no\/wp-json\/wp\/v2\/product_brand?post=43724"},{"taxonomy":"product_cat","embeddable":true,"href":"https:\/\/b4k.se\/no\/wp-json\/wp\/v2\/product_cat?post=43724"},{"taxonomy":"product_tag","embeddable":true,"href":"https:\/\/b4k.se\/no\/wp-json\/wp\/v2\/product_tag?post=43724"}],"curies":[{"name":"wp","href":"https:\/\/api.w.org\/{rel}","templated":true}]}}