{"id":43721,"date":"2020-03-27T12:08:10","date_gmt":"2020-03-27T11:08:10","guid":{"rendered":"https:\/\/b4k.se\/product\/spateen-blemished-skin-1201205011ml\/"},"modified":"2026-04-13T17:07:53","modified_gmt":"2026-04-13T15:07:53","slug":"spateen-blemished-skin-1201205011ml","status":"publish","type":"product","link":"https:\/\/b4k.se\/no\/produkt\/spateen-blemished-skin-1201205011ml\/","title":{"rendered":"Spa Teen Blemished Skin (Kit)"},"content":{"rendered":"<p>Kit inneh\u00e5llande f\u00f6ljande produkter som bek\u00e4mpar akne:<\/p>\n<ul>\n<li>SpaTeen\u00ae Blemished Skin Cleanser 120 ml<\/li>\n<li>SpaTeen\u00ae Blemished Skin Toner 120 ml<\/li>\n<li>SpaTeen\u00ae Blemish-B-Gone 15 ml.<\/li>\n<li>SpaTeen\u00ae Blemished Skin Moisturizer 50 ml<\/li>\n<\/ul>\n<p><span style=\"font-weight: 400\">Anv\u00e4ndning:<\/span><\/p>\n<ol>\n<li><span style=\"font-weight: 400\">Applicera SpaTeen\u00ae Blemished Skin Cleanser p\u00e5 ansikte och hals. Arbeta in med v\u00e5ta fingertoppar och sk\u00f6lj av med varmt vatten.<\/span><\/li>\n<li>Torka av ansikte och hals med en bomullstuss fuktad med SpaTeen\u00ae Blemished Skin Toner.<\/li>\n<li>Applicera SpaTeen\u00ae Blemish-B-Gone sparsamt p\u00e5 aktiva fl\u00e4ckar, massera in f\u00f6rsiktigt och l\u00e5t torka i 2 minuter.<\/li>\n<li><span style=\"font-weight: 400\">F\u00f6lj upp med SpaTeen\u00ae Blemished Skin Moisturizer.<\/span><\/li>\n<\/ol>\n<p><span style=\"font-weight: 400\">Anv\u00e4nd produkterna morgon och kv\u00e4ll.<\/span><\/p>\n","protected":false},"excerpt":{"rendered":"<p><span style=\"font-weight: 400\">Upplev snabba, synliga resultat f\u00f6r en klar hy med denna kompletta aknebek\u00e4mpande behandling som d\u00f6dar bakterier, eliminerar \u00f6verfl\u00f6dig olja, d\u00f6da hudceller och skr\u00e4p och minskar inflammation utan att torka ut huden eller orsaka irritation.<\/span><\/p>\n<p><span style=\"font-weight: 400\">Spa Teen Blemished Skin (Kit) rensar och f\u00f6rhindrar utbrott, pormaskar och tillt\u00e4ppta porer.<\/span><\/p>\n<p><span style=\"font-weight: 400\">Passar ton\u00e5ringar och vuxna med akne som vill ha en enkel, komplett hudv\u00e5rd f\u00f6r att bek\u00e4mpa aknen. Fungerar perfekt f\u00f6r ton\u00e5ringar som vill etablera h\u00e4lsosamma hudv\u00e5rdsvanor.<\/span><\/p>\n","protected":false},"featured_media":43723,"template":"","meta":[],"product_brand":[],"product_cat":[287,298,296,297,321],"product_tag":[],"class_list":{"0":"post-43721","1":"product","2":"type-product","3":"status-publish","4":"has-post-thumbnail","6":"product_cat-alla-produkter","7":"product_cat-essential","8":"product_cat-pevonia-2","9":"product_cat-retail","10":"product_cat-spa-teen-blemished-skin-line","12":"first","13":"instock","14":"taxable","15":"shipping-taxable","16":"purchasable","17":"product-type-simple"},"shsp-ext":{"main":{},"variations":[]},"_links":{"self":[{"href":"https:\/\/b4k.se\/no\/wp-json\/wp\/v2\/product\/43721","targetHints":{"allow":["GET"]}}],"collection":[{"href":"https:\/\/b4k.se\/no\/wp-json\/wp\/v2\/product"}],"about":[{"href":"https:\/\/b4k.se\/no\/wp-json\/wp\/v2\/types\/product"}],"wp:featuredmedia":[{"embeddable":true,"href":"https:\/\/b4k.se\/no\/wp-json\/wp\/v2\/media\/43723"}],"wp:attachment":[{"href":"https:\/\/b4k.se\/no\/wp-json\/wp\/v2\/media?parent=43721"}],"wp:term":[{"taxonomy":"product_brand","embeddable":true,"href":"https:\/\/b4k.se\/no\/wp-json\/wp\/v2\/product_brand?post=43721"},{"taxonomy":"product_cat","embeddable":true,"href":"https:\/\/b4k.se\/no\/wp-json\/wp\/v2\/product_cat?post=43721"},{"taxonomy":"product_tag","embeddable":true,"href":"https:\/\/b4k.se\/no\/wp-json\/wp\/v2\/product_tag?post=43721"}],"curies":[{"name":"wp","href":"https:\/\/api.w.org\/{rel}","templated":true}]}}