{"id":43719,"date":"2020-08-20T15:05:21","date_gmt":"2020-08-20T13:05:21","guid":{"rendered":"https:\/\/b4k.se\/product\/blemished-skin-cleanser\/"},"modified":"2026-04-13T17:07:53","modified_gmt":"2026-04-13T15:07:53","slug":"blemished-skin-cleanser","status":"publish","type":"product","link":"https:\/\/b4k.se\/no\/produkt\/blemished-skin-cleanser\/","title":{"rendered":"Blemished Skin Cleanser"},"content":{"rendered":"<p>Anv\u00e4ndning:<\/p>\n<p>Skumma upp en liten m\u00e4ngd reng\u00f6ring mellan v\u00e5ta handflator, applicera sedan p\u00e5 ansikte och hals. Arbeta in reng\u00f6ringen med v\u00e5ta fingertoppar. Sk\u00f6lj av med varmt vatten. Torka huden torr. F\u00f6lj upp med SpaTeen\u00ae Blemished Skin Toner.<\/p>\n<p>Anv\u00e4nd morgon och kv\u00e4ll.<\/p>\n","protected":false},"excerpt":{"rendered":"<p>Attackera bakterier och polera bort utbrott som orsakats av tillt\u00e4ppning med denna effektiva, men \u00e4nd\u00e5 skonsamma, sulfatfria reng\u00f6ring med dubbel peeling.<\/p>\n<p>Blemished Skin Cleanser reng\u00f6r djupt, tar bort smink och \u00f6verfl\u00f6dig olja, exfolierar, renar och klarar upp akneben\u00e4gen hud.<\/p>\n<p>Passar alla ton\u00e5ringar och vuxna med akne vars hud \u00e4r k\u00e4nslig och blir r\u00f6d, l\u00e4tt irriterad eller torr.<\/p>\n","protected":false},"featured_media":43720,"template":"","meta":[],"product_brand":[],"product_cat":[287,298,296,297,321],"product_tag":[],"class_list":{"0":"post-43719","1":"product","2":"type-product","3":"status-publish","4":"has-post-thumbnail","6":"product_cat-alla-produkter","7":"product_cat-essential","8":"product_cat-pevonia-2","9":"product_cat-retail","10":"product_cat-spa-teen-blemished-skin-line","12":"first","13":"instock","14":"taxable","15":"shipping-taxable","16":"purchasable","17":"product-type-simple"},"shsp-ext":{"main":{},"variations":[]},"_links":{"self":[{"href":"https:\/\/b4k.se\/no\/wp-json\/wp\/v2\/product\/43719","targetHints":{"allow":["GET"]}}],"collection":[{"href":"https:\/\/b4k.se\/no\/wp-json\/wp\/v2\/product"}],"about":[{"href":"https:\/\/b4k.se\/no\/wp-json\/wp\/v2\/types\/product"}],"wp:featuredmedia":[{"embeddable":true,"href":"https:\/\/b4k.se\/no\/wp-json\/wp\/v2\/media\/43720"}],"wp:attachment":[{"href":"https:\/\/b4k.se\/no\/wp-json\/wp\/v2\/media?parent=43719"}],"wp:term":[{"taxonomy":"product_brand","embeddable":true,"href":"https:\/\/b4k.se\/no\/wp-json\/wp\/v2\/product_brand?post=43719"},{"taxonomy":"product_cat","embeddable":true,"href":"https:\/\/b4k.se\/no\/wp-json\/wp\/v2\/product_cat?post=43719"},{"taxonomy":"product_tag","embeddable":true,"href":"https:\/\/b4k.se\/no\/wp-json\/wp\/v2\/product_tag?post=43719"}],"curies":[{"name":"wp","href":"https:\/\/api.w.org\/{rel}","templated":true}]}}